{"id":575,"date":"2025-01-18T11:48:25","date_gmt":"2025-01-18T10:48:25","guid":{"rendered":"https:\/\/mercysfancy.com\/?post_type=product&#038;p=575"},"modified":"2025-01-18T12:22:01","modified_gmt":"2025-01-18T11:22:01","slug":"bracelet-eriel-i","status":"publish","type":"product","link":"https:\/\/mercysfancy.com\/en\/product\/bracelet-eriel-i\/","title":{"rendered":"Bracelet Eriel I"},"content":{"rendered":"<p>Ce bracelet est fait en cotte d&rsquo;\u00e9cailles. Chaque \u00e9caille est li\u00e9e \u00e0 la suivante avec plusieurs anneaux ; elles sont assembl\u00e9es une par une, \u00e0 la main. Comme les \u00e9cailles sont de petite taille, le \u00ab\u00a0tissage\u00a0\u00bb du bracelet demande de longues heures de travail minutieux.<\/p>\n<p>Les \u00e9cailles sont en laiton dor\u00e9 \u00e0 l&rsquo;or fin 24K. Poids : 66 g.<\/p>\n<p>Pour que les \u00e9cailles s&rsquo;alignent bien, le bracelet se porte au plus proche de votre tour de poignet. <a href=\"https:\/\/mercysfancy.com\/en\/contact\/\">Contactez-moi<\/a> avant la commande afin que je puisse l&rsquo;adapter \u00e0 vos mesures !<\/p>","protected":false},"excerpt":{"rendered":"<p>Ce bracelet est fait en cotte d&rsquo;\u00e9cailles. Chaque \u00e9caille est li\u00e9e \u00e0 la suivante avec plusieurs anneaux ; elles sont assembl\u00e9es une par une, \u00e0 la main. Comme les \u00e9cailles sont de petite taille, le \u00ab\u00a0tissage\u00a0\u00bb du bracelet demande de longues heures de travail minutieux. Les \u00e9cailles sont en laiton dor\u00e9 \u00e0 l&rsquo;or fin 24K. [&hellip;]<\/p>\n","protected":false},"featured_media":576,"template":"","meta":{"ocean_post_layout":"","ocean_both_sidebars_style":"","ocean_both_sidebars_content_width":0,"ocean_both_sidebars_sidebars_width":0,"ocean_sidebar":"0","ocean_second_sidebar":"0","ocean_disable_margins":"enable","ocean_add_body_class":"","ocean_shortcode_before_top_bar":"","ocean_shortcode_after_top_bar":"","ocean_shortcode_before_header":"","ocean_shortcode_after_header":"","ocean_has_shortcode":"","ocean_shortcode_after_title":"","ocean_shortcode_before_footer_widgets":"","ocean_shortcode_after_footer_widgets":"","ocean_shortcode_before_footer_bottom":"","ocean_shortcode_after_footer_bottom":"","ocean_display_top_bar":"default","ocean_display_header":"default","ocean_header_style":"","ocean_center_header_left_menu":"0","ocean_custom_header_template":"0","ocean_custom_logo":0,"ocean_custom_retina_logo":0,"ocean_custom_logo_max_width":0,"ocean_custom_logo_tablet_max_width":0,"ocean_custom_logo_mobile_max_width":0,"ocean_custom_logo_max_height":0,"ocean_custom_logo_tablet_max_height":0,"ocean_custom_logo_mobile_max_height":0,"ocean_header_custom_menu":"0","ocean_menu_typo_font_family":"0","ocean_menu_typo_font_subset":"","ocean_menu_typo_font_size":0,"ocean_menu_typo_font_size_tablet":0,"ocean_menu_typo_font_size_mobile":0,"ocean_menu_typo_font_size_unit":"px","ocean_menu_typo_font_weight":"","ocean_menu_typo_font_weight_tablet":"","ocean_menu_typo_font_weight_mobile":"","ocean_menu_typo_transform":"","ocean_menu_typo_transform_tablet":"","ocean_menu_typo_transform_mobile":"","ocean_menu_typo_line_height":0,"ocean_menu_typo_line_height_tablet":0,"ocean_menu_typo_line_height_mobile":0,"ocean_menu_typo_line_height_unit":"","ocean_menu_typo_spacing":0,"ocean_menu_typo_spacing_tablet":0,"ocean_menu_typo_spacing_mobile":0,"ocean_menu_typo_spacing_unit":"","ocean_menu_link_color":"","ocean_menu_link_color_hover":"","ocean_menu_link_color_active":"","ocean_menu_link_background":"","ocean_menu_link_hover_background":"","ocean_menu_link_active_background":"","ocean_menu_social_links_bg":"","ocean_menu_social_hover_links_bg":"","ocean_menu_social_links_color":"","ocean_menu_social_hover_links_color":"","ocean_disable_title":"default","ocean_disable_heading":"default","ocean_post_title":"","ocean_post_subheading":"","ocean_post_title_style":"","ocean_post_title_background_color":"","ocean_post_title_background":0,"ocean_post_title_bg_image_position":"","ocean_post_title_bg_image_attachment":"","ocean_post_title_bg_image_repeat":"","ocean_post_title_bg_image_size":"","ocean_post_title_height":0,"ocean_post_title_bg_overlay":0.5,"ocean_post_title_bg_overlay_color":"","ocean_disable_breadcrumbs":"default","ocean_breadcrumbs_color":"","ocean_breadcrumbs_separator_color":"","ocean_breadcrumbs_links_color":"","ocean_breadcrumbs_links_hover_color":"","ocean_display_footer_widgets":"default","ocean_display_footer_bottom":"default","ocean_custom_footer_template":"0"},"product_brand":[],"product_cat":[21,24],"product_tag":[31,37,41],"class_list":{"0":"post-575","1":"product","2":"type-product","3":"status-publish","4":"has-post-thumbnail","6":"product_cat-bijoux","7":"product_cat-bracelets","8":"product_tag-bracelet","9":"product_tag-dore","10":"product_tag-ecailles","11":"product_shipping_class-suivi-100","13":"entry","14":"has-media","16":"first","17":"instock","18":"shipping-taxable","19":"purchasable","20":"product-type-simple","21":"col","22":"span_1_of_4","23":"owp-content-center","24":"owp-thumbs-layout-horizontal","25":"owp-btn-normal","26":"owp-tabs-layout-vertical"},"yoast_head":"<!-- This site is optimized with the Yoast SEO plugin v24.8 - https:\/\/yoast.com\/wordpress\/plugins\/seo\/ -->\n<title>Bracelet Eriel I - Mercy\u2019s Fancy<\/title>\n<meta name=\"robots\" content=\"index, follow, max-snippet:-1, max-image-preview:large, max-video-preview:-1\" \/>\n<link rel=\"canonical\" href=\"https:\/\/mercysfancy.com\/en\/product\/bracelet-eriel-i\/\" \/>\n<meta property=\"og:locale\" content=\"en_GB\" \/>\n<meta property=\"og:type\" content=\"article\" \/>\n<meta property=\"og:title\" content=\"Bracelet Eriel I - Mercy\u2019s Fancy\" \/>\n<meta property=\"og:description\" content=\"Ce bracelet est fait en cotte d&rsquo;\u00e9cailles. Chaque \u00e9caille est li\u00e9e \u00e0 la suivante avec plusieurs anneaux ; elles sont assembl\u00e9es une par une, \u00e0 la main. Comme les \u00e9cailles sont de petite taille, le \u00ab\u00a0tissage\u00a0\u00bb du bracelet demande de longues heures de travail minutieux. Les \u00e9cailles sont en laiton dor\u00e9 \u00e0 l&rsquo;or fin 24K. [&hellip;]\" \/>\n<meta property=\"og:url\" content=\"https:\/\/mercysfancy.com\/en\/product\/bracelet-eriel-i\/\" \/>\n<meta property=\"og:site_name\" content=\"Mercy\u2019s Fancy\" \/>\n<meta property=\"article:modified_time\" content=\"2025-01-18T11:22:01+00:00\" \/>\n<meta property=\"og:image\" content=\"https:\/\/mercysfancy.com\/wp-content\/uploads\/2025\/01\/Eriel-8-bracelet-1-MercysFancy.jpg\" \/>\n\t<meta property=\"og:image:width\" content=\"1500\" \/>\n\t<meta property=\"og:image:height\" content=\"1474\" \/>\n\t<meta property=\"og:image:type\" content=\"image\/jpeg\" \/>\n<meta name=\"twitter:card\" content=\"summary_large_image\" \/>\n<meta name=\"twitter:label1\" content=\"Estimated reading time\" \/>\n\t<meta name=\"twitter:data1\" content=\"1 minute\" \/>\n<script type=\"application\/ld+json\" class=\"yoast-schema-graph\">{\"@context\":\"https:\/\/schema.org\",\"@graph\":[{\"@type\":\"WebPage\",\"@id\":\"https:\/\/mercysfancy.com\/produit\/bracelet-eriel-i\/\",\"url\":\"https:\/\/mercysfancy.com\/produit\/bracelet-eriel-i\/\",\"name\":\"Bracelet Eriel I - Mercy\u2019s Fancy\",\"isPartOf\":{\"@id\":\"https:\/\/mercysfancy.com\/en\/#website\"},\"primaryImageOfPage\":{\"@id\":\"https:\/\/mercysfancy.com\/produit\/bracelet-eriel-i\/#primaryimage\"},\"image\":{\"@id\":\"https:\/\/mercysfancy.com\/produit\/bracelet-eriel-i\/#primaryimage\"},\"thumbnailUrl\":\"https:\/\/mercysfancy.com\/wp-content\/uploads\/2025\/01\/Eriel-8-bracelet-1-MercysFancy.jpg\",\"datePublished\":\"2025-01-18T10:48:25+00:00\",\"dateModified\":\"2025-01-18T11:22:01+00:00\",\"breadcrumb\":{\"@id\":\"https:\/\/mercysfancy.com\/produit\/bracelet-eriel-i\/#breadcrumb\"},\"inLanguage\":\"en-GB\",\"potentialAction\":[{\"@type\":\"ReadAction\",\"target\":[\"https:\/\/mercysfancy.com\/produit\/bracelet-eriel-i\/\"]}]},{\"@type\":\"ImageObject\",\"inLanguage\":\"en-GB\",\"@id\":\"https:\/\/mercysfancy.com\/produit\/bracelet-eriel-i\/#primaryimage\",\"url\":\"https:\/\/mercysfancy.com\/wp-content\/uploads\/2025\/01\/Eriel-8-bracelet-1-MercysFancy.jpg\",\"contentUrl\":\"https:\/\/mercysfancy.com\/wp-content\/uploads\/2025\/01\/Eriel-8-bracelet-1-MercysFancy.jpg\",\"width\":1500,\"height\":1474},{\"@type\":\"BreadcrumbList\",\"@id\":\"https:\/\/mercysfancy.com\/produit\/bracelet-eriel-i\/#breadcrumb\",\"itemListElement\":[{\"@type\":\"ListItem\",\"position\":1,\"name\":\"Accueil\",\"item\":\"https:\/\/mercysfancy.com\/\"},{\"@type\":\"ListItem\",\"position\":2,\"name\":\"Boutique\",\"item\":\"https:\/\/mercysfancy.com\/\"},{\"@type\":\"ListItem\",\"position\":3,\"name\":\"Bracelet Eriel I\"}]},{\"@type\":\"WebSite\",\"@id\":\"https:\/\/mercysfancy.com\/en\/#website\",\"url\":\"https:\/\/mercysfancy.com\/en\/\",\"name\":\"Mercy\u2019s Fancy\",\"description\":\"\",\"potentialAction\":[{\"@type\":\"SearchAction\",\"target\":{\"@type\":\"EntryPoint\",\"urlTemplate\":\"https:\/\/mercysfancy.com\/en\/?s={search_term_string}\"},\"query-input\":{\"@type\":\"PropertyValueSpecification\",\"valueRequired\":true,\"valueName\":\"search_term_string\"}}],\"inLanguage\":\"en-GB\"}]}<\/script>\n<!-- \/ Yoast SEO plugin. -->","yoast_head_json":{"title":"Bracelet Eriel I - Mercy\u2019s Fancy","robots":{"index":"index","follow":"follow","max-snippet":"max-snippet:-1","max-image-preview":"max-image-preview:large","max-video-preview":"max-video-preview:-1"},"canonical":"https:\/\/mercysfancy.com\/en\/product\/bracelet-eriel-i\/","og_locale":"en_GB","og_type":"article","og_title":"Bracelet Eriel I - Mercy\u2019s Fancy","og_description":"Ce bracelet est fait en cotte d&rsquo;\u00e9cailles. Chaque \u00e9caille est li\u00e9e \u00e0 la suivante avec plusieurs anneaux ; elles sont assembl\u00e9es une par une, \u00e0 la main. Comme les \u00e9cailles sont de petite taille, le \u00ab\u00a0tissage\u00a0\u00bb du bracelet demande de longues heures de travail minutieux. Les \u00e9cailles sont en laiton dor\u00e9 \u00e0 l&rsquo;or fin 24K. [&hellip;]","og_url":"https:\/\/mercysfancy.com\/en\/product\/bracelet-eriel-i\/","og_site_name":"Mercy\u2019s Fancy","article_modified_time":"2025-01-18T11:22:01+00:00","og_image":[{"width":1500,"height":1474,"url":"https:\/\/mercysfancy.com\/wp-content\/uploads\/2025\/01\/Eriel-8-bracelet-1-MercysFancy.jpg","type":"image\/jpeg"}],"twitter_card":"summary_large_image","twitter_misc":{"Estimated reading time":"1 minute"},"schema":{"@context":"https:\/\/schema.org","@graph":[{"@type":"WebPage","@id":"https:\/\/mercysfancy.com\/produit\/bracelet-eriel-i\/","url":"https:\/\/mercysfancy.com\/produit\/bracelet-eriel-i\/","name":"Bracelet Eriel I - Mercy\u2019s Fancy","isPartOf":{"@id":"https:\/\/mercysfancy.com\/en\/#website"},"primaryImageOfPage":{"@id":"https:\/\/mercysfancy.com\/produit\/bracelet-eriel-i\/#primaryimage"},"image":{"@id":"https:\/\/mercysfancy.com\/produit\/bracelet-eriel-i\/#primaryimage"},"thumbnailUrl":"https:\/\/mercysfancy.com\/wp-content\/uploads\/2025\/01\/Eriel-8-bracelet-1-MercysFancy.jpg","datePublished":"2025-01-18T10:48:25+00:00","dateModified":"2025-01-18T11:22:01+00:00","breadcrumb":{"@id":"https:\/\/mercysfancy.com\/produit\/bracelet-eriel-i\/#breadcrumb"},"inLanguage":"en-GB","potentialAction":[{"@type":"ReadAction","target":["https:\/\/mercysfancy.com\/produit\/bracelet-eriel-i\/"]}]},{"@type":"ImageObject","inLanguage":"en-GB","@id":"https:\/\/mercysfancy.com\/produit\/bracelet-eriel-i\/#primaryimage","url":"https:\/\/mercysfancy.com\/wp-content\/uploads\/2025\/01\/Eriel-8-bracelet-1-MercysFancy.jpg","contentUrl":"https:\/\/mercysfancy.com\/wp-content\/uploads\/2025\/01\/Eriel-8-bracelet-1-MercysFancy.jpg","width":1500,"height":1474},{"@type":"BreadcrumbList","@id":"https:\/\/mercysfancy.com\/produit\/bracelet-eriel-i\/#breadcrumb","itemListElement":[{"@type":"ListItem","position":1,"name":"Accueil","item":"https:\/\/mercysfancy.com\/"},{"@type":"ListItem","position":2,"name":"Boutique","item":"https:\/\/mercysfancy.com\/"},{"@type":"ListItem","position":3,"name":"Bracelet Eriel I"}]},{"@type":"WebSite","@id":"https:\/\/mercysfancy.com\/en\/#website","url":"https:\/\/mercysfancy.com\/en\/","name":"Mercy\u2019s Fancy","description":"","potentialAction":[{"@type":"SearchAction","target":{"@type":"EntryPoint","urlTemplate":"https:\/\/mercysfancy.com\/en\/?s={search_term_string}"},"query-input":{"@type":"PropertyValueSpecification","valueRequired":true,"valueName":"search_term_string"}}],"inLanguage":"en-GB"}]}},"jetpack_sharing_enabled":true,"_links":{"self":[{"href":"https:\/\/mercysfancy.com\/en\/wp-json\/wp\/v2\/product\/575","targetHints":{"allow":["GET"]}}],"collection":[{"href":"https:\/\/mercysfancy.com\/en\/wp-json\/wp\/v2\/product"}],"about":[{"href":"https:\/\/mercysfancy.com\/en\/wp-json\/wp\/v2\/types\/product"}],"wp:featuredmedia":[{"embeddable":true,"href":"https:\/\/mercysfancy.com\/en\/wp-json\/wp\/v2\/media\/576"}],"wp:attachment":[{"href":"https:\/\/mercysfancy.com\/en\/wp-json\/wp\/v2\/media?parent=575"}],"wp:term":[{"taxonomy":"product_brand","embeddable":true,"href":"https:\/\/mercysfancy.com\/en\/wp-json\/wp\/v2\/product_brand?post=575"},{"taxonomy":"product_cat","embeddable":true,"href":"https:\/\/mercysfancy.com\/en\/wp-json\/wp\/v2\/product_cat?post=575"},{"taxonomy":"product_tag","embeddable":true,"href":"https:\/\/mercysfancy.com\/en\/wp-json\/wp\/v2\/product_tag?post=575"}],"curies":[{"name":"wp","href":"https:\/\/api.w.org\/{rel}","templated":true}]}}