{"id":404,"date":"2025-01-14T21:34:11","date_gmt":"2025-01-14T20:34:11","guid":{"rendered":"https:\/\/mercysfancy.com\/?post_type=product&#038;p=404"},"modified":"2025-01-14T21:34:12","modified_gmt":"2025-01-14T20:34:12","slug":"boucles-doreille-hermines-sur-mesure","status":"publish","type":"product","link":"https:\/\/mercysfancy.com\/en\/product\/boucles-doreille-hermines-sur-mesure\/","title":{"rendered":"Boucles d\u2019oreille hermines \u2013 sur mesure"},"content":{"rendered":"<p>Ceci est un exemple de commande sur mesure.<\/p>\n<p>Ma cliente souhaitait une paire de boucles d\u2019oreille argent\u00e9es avec un motif d\u2019hermines bretonnes stylis\u00e9es, mont\u00e9es sur clip. J\u2019ai donc propos\u00e9 un croquis avec plusieurs propositions. Une fois le choix fait, j\u2019ai r\u00e9alis\u00e9 les boucles (d\u00e9coupage du m\u00e9tal, limage, pon\u00e7age, polissage).<\/p>\n<p>&nbsp;<\/p>","protected":false},"excerpt":{"rendered":"<p>Ceci est un exemple de commande sur mesure. Ma cliente souhaitait une paire de boucles d\u2019oreille argent\u00e9es avec un motif d\u2019hermines bretonnes stylis\u00e9es, mont\u00e9es sur clip. J\u2019ai donc propos\u00e9 un croquis avec plusieurs propositions. Une fois le choix fait, j\u2019ai r\u00e9alis\u00e9 les boucles (d\u00e9coupage du m\u00e9tal, limage, pon\u00e7age, polissage). &nbsp;<\/p>","protected":false},"featured_media":405,"template":"","meta":{"ocean_post_layout":"","ocean_both_sidebars_style":"","ocean_both_sidebars_content_width":0,"ocean_both_sidebars_sidebars_width":0,"ocean_sidebar":"0","ocean_second_sidebar":"0","ocean_disable_margins":"enable","ocean_add_body_class":"","ocean_shortcode_before_top_bar":"","ocean_shortcode_after_top_bar":"","ocean_shortcode_before_header":"","ocean_shortcode_after_header":"","ocean_has_shortcode":"","ocean_shortcode_after_title":"","ocean_shortcode_before_footer_widgets":"","ocean_shortcode_after_footer_widgets":"","ocean_shortcode_before_footer_bottom":"","ocean_shortcode_after_footer_bottom":"","ocean_display_top_bar":"default","ocean_display_header":"default","ocean_header_style":"","ocean_center_header_left_menu":"0","ocean_custom_header_template":"0","ocean_custom_logo":0,"ocean_custom_retina_logo":0,"ocean_custom_logo_max_width":0,"ocean_custom_logo_tablet_max_width":0,"ocean_custom_logo_mobile_max_width":0,"ocean_custom_logo_max_height":0,"ocean_custom_logo_tablet_max_height":0,"ocean_custom_logo_mobile_max_height":0,"ocean_header_custom_menu":"0","ocean_menu_typo_font_family":"0","ocean_menu_typo_font_subset":"","ocean_menu_typo_font_size":0,"ocean_menu_typo_font_size_tablet":0,"ocean_menu_typo_font_size_mobile":0,"ocean_menu_typo_font_size_unit":"px","ocean_menu_typo_font_weight":"","ocean_menu_typo_font_weight_tablet":"","ocean_menu_typo_font_weight_mobile":"","ocean_menu_typo_transform":"","ocean_menu_typo_transform_tablet":"","ocean_menu_typo_transform_mobile":"","ocean_menu_typo_line_height":0,"ocean_menu_typo_line_height_tablet":0,"ocean_menu_typo_line_height_mobile":0,"ocean_menu_typo_line_height_unit":"","ocean_menu_typo_spacing":0,"ocean_menu_typo_spacing_tablet":0,"ocean_menu_typo_spacing_mobile":0,"ocean_menu_typo_spacing_unit":"","ocean_menu_link_color":"","ocean_menu_link_color_hover":"","ocean_menu_link_color_active":"","ocean_menu_link_background":"","ocean_menu_link_hover_background":"","ocean_menu_link_active_background":"","ocean_menu_social_links_bg":"","ocean_menu_social_hover_links_bg":"","ocean_menu_social_links_color":"","ocean_menu_social_hover_links_color":"","ocean_disable_title":"default","ocean_disable_heading":"default","ocean_post_title":"","ocean_post_subheading":"","ocean_post_title_style":"","ocean_post_title_background_color":"","ocean_post_title_background":0,"ocean_post_title_bg_image_position":"","ocean_post_title_bg_image_attachment":"","ocean_post_title_bg_image_repeat":"","ocean_post_title_bg_image_size":"","ocean_post_title_height":0,"ocean_post_title_bg_overlay":0.5,"ocean_post_title_bg_overlay_color":"","ocean_disable_breadcrumbs":"default","ocean_breadcrumbs_color":"","ocean_breadcrumbs_separator_color":"","ocean_breadcrumbs_links_color":"","ocean_breadcrumbs_links_hover_color":"","ocean_display_footer_widgets":"default","ocean_display_footer_bottom":"default","ocean_custom_footer_template":"0"},"product_brand":[],"product_cat":[50,48],"product_tag":[38,34],"class_list":{"0":"post-404","1":"product","2":"type-product","3":"status-publish","4":"has-post-thumbnail","6":"product_cat-costum-orders","7":"product_cat-custom","8":"product_tag-argente","9":"product_tag-boucle-doreille","11":"entry","12":"has-media","14":"first","15":"outofstock","16":"shipping-taxable","17":"purchasable","18":"product-type-simple","19":"col","20":"span_1_of_4","21":"owp-content-center","22":"owp-thumbs-layout-horizontal","23":"owp-btn-normal","24":"owp-tabs-layout-vertical"},"yoast_head":"<!-- This site is optimized with the Yoast SEO plugin v24.8 - https:\/\/yoast.com\/wordpress\/plugins\/seo\/ -->\n<title>Boucles d\u2019oreille hermines \u2013 sur mesure - Mercy\u2019s Fancy<\/title>\n<meta name=\"robots\" content=\"index, follow, max-snippet:-1, max-image-preview:large, max-video-preview:-1\" \/>\n<link rel=\"canonical\" href=\"https:\/\/mercysfancy.com\/en\/product\/boucles-doreille-hermines-sur-mesure\/\" \/>\n<meta property=\"og:locale\" content=\"en_GB\" \/>\n<meta property=\"og:type\" content=\"article\" \/>\n<meta property=\"og:title\" content=\"Boucles d\u2019oreille hermines \u2013 sur mesure - Mercy\u2019s Fancy\" \/>\n<meta property=\"og:description\" content=\"Ceci est un exemple de commande sur mesure. Ma cliente souhaitait une paire de boucles d\u2019oreille argent\u00e9es avec un motif d\u2019hermines bretonnes stylis\u00e9es, mont\u00e9es sur clip. J\u2019ai donc propos\u00e9 un croquis avec plusieurs propositions. Une fois le choix fait, j\u2019ai r\u00e9alis\u00e9 les boucles (d\u00e9coupage du m\u00e9tal, limage, pon\u00e7age, polissage). &nbsp;\" \/>\n<meta property=\"og:url\" content=\"https:\/\/mercysfancy.com\/en\/product\/boucles-doreille-hermines-sur-mesure\/\" \/>\n<meta property=\"og:site_name\" content=\"Mercy\u2019s Fancy\" \/>\n<meta property=\"article:modified_time\" content=\"2025-01-14T20:34:12+00:00\" \/>\n<meta property=\"og:image\" content=\"https:\/\/mercysfancy.com\/wp-content\/uploads\/2025\/01\/Hermines-MCE.jpg\" \/>\n\t<meta property=\"og:image:width\" content=\"1482\" \/>\n\t<meta property=\"og:image:height\" content=\"1456\" \/>\n\t<meta property=\"og:image:type\" content=\"image\/jpeg\" \/>\n<meta name=\"twitter:card\" content=\"summary_large_image\" \/>\n<meta name=\"twitter:label1\" content=\"Estimated reading time\" \/>\n\t<meta name=\"twitter:data1\" content=\"1 minute\" \/>\n<script type=\"application\/ld+json\" class=\"yoast-schema-graph\">{\"@context\":\"https:\/\/schema.org\",\"@graph\":[{\"@type\":\"WebPage\",\"@id\":\"https:\/\/mercysfancy.com\/produit\/boucles-doreille-hermines-sur-mesure\/\",\"url\":\"https:\/\/mercysfancy.com\/produit\/boucles-doreille-hermines-sur-mesure\/\",\"name\":\"Boucles d\u2019oreille hermines \u2013 sur mesure - Mercy\u2019s Fancy\",\"isPartOf\":{\"@id\":\"https:\/\/mercysfancy.com\/en\/#website\"},\"primaryImageOfPage\":{\"@id\":\"https:\/\/mercysfancy.com\/produit\/boucles-doreille-hermines-sur-mesure\/#primaryimage\"},\"image\":{\"@id\":\"https:\/\/mercysfancy.com\/produit\/boucles-doreille-hermines-sur-mesure\/#primaryimage\"},\"thumbnailUrl\":\"https:\/\/mercysfancy.com\/wp-content\/uploads\/2025\/01\/Hermines-MCE.jpg\",\"datePublished\":\"2025-01-14T20:34:11+00:00\",\"dateModified\":\"2025-01-14T20:34:12+00:00\",\"breadcrumb\":{\"@id\":\"https:\/\/mercysfancy.com\/produit\/boucles-doreille-hermines-sur-mesure\/#breadcrumb\"},\"inLanguage\":\"en-GB\",\"potentialAction\":[{\"@type\":\"ReadAction\",\"target\":[\"https:\/\/mercysfancy.com\/produit\/boucles-doreille-hermines-sur-mesure\/\"]}]},{\"@type\":\"ImageObject\",\"inLanguage\":\"en-GB\",\"@id\":\"https:\/\/mercysfancy.com\/produit\/boucles-doreille-hermines-sur-mesure\/#primaryimage\",\"url\":\"https:\/\/mercysfancy.com\/wp-content\/uploads\/2025\/01\/Hermines-MCE.jpg\",\"contentUrl\":\"https:\/\/mercysfancy.com\/wp-content\/uploads\/2025\/01\/Hermines-MCE.jpg\",\"width\":1482,\"height\":1456},{\"@type\":\"BreadcrumbList\",\"@id\":\"https:\/\/mercysfancy.com\/produit\/boucles-doreille-hermines-sur-mesure\/#breadcrumb\",\"itemListElement\":[{\"@type\":\"ListItem\",\"position\":1,\"name\":\"Accueil\",\"item\":\"https:\/\/mercysfancy.com\/\"},{\"@type\":\"ListItem\",\"position\":2,\"name\":\"Boutique\",\"item\":\"https:\/\/mercysfancy.com\/\"},{\"@type\":\"ListItem\",\"position\":3,\"name\":\"Boucles d\u2019oreille hermines \u2013 sur mesure\"}]},{\"@type\":\"WebSite\",\"@id\":\"https:\/\/mercysfancy.com\/en\/#website\",\"url\":\"https:\/\/mercysfancy.com\/en\/\",\"name\":\"Mercy\u2019s Fancy\",\"description\":\"\",\"potentialAction\":[{\"@type\":\"SearchAction\",\"target\":{\"@type\":\"EntryPoint\",\"urlTemplate\":\"https:\/\/mercysfancy.com\/en\/?s={search_term_string}\"},\"query-input\":{\"@type\":\"PropertyValueSpecification\",\"valueRequired\":true,\"valueName\":\"search_term_string\"}}],\"inLanguage\":\"en-GB\"}]}<\/script>\n<!-- \/ Yoast SEO plugin. -->","yoast_head_json":{"title":"Boucles d\u2019oreille hermines \u2013 sur mesure - Mercy\u2019s Fancy","robots":{"index":"index","follow":"follow","max-snippet":"max-snippet:-1","max-image-preview":"max-image-preview:large","max-video-preview":"max-video-preview:-1"},"canonical":"https:\/\/mercysfancy.com\/en\/product\/boucles-doreille-hermines-sur-mesure\/","og_locale":"en_GB","og_type":"article","og_title":"Boucles d\u2019oreille hermines \u2013 sur mesure - Mercy\u2019s Fancy","og_description":"Ceci est un exemple de commande sur mesure. Ma cliente souhaitait une paire de boucles d\u2019oreille argent\u00e9es avec un motif d\u2019hermines bretonnes stylis\u00e9es, mont\u00e9es sur clip. J\u2019ai donc propos\u00e9 un croquis avec plusieurs propositions. Une fois le choix fait, j\u2019ai r\u00e9alis\u00e9 les boucles (d\u00e9coupage du m\u00e9tal, limage, pon\u00e7age, polissage). &nbsp;","og_url":"https:\/\/mercysfancy.com\/en\/product\/boucles-doreille-hermines-sur-mesure\/","og_site_name":"Mercy\u2019s Fancy","article_modified_time":"2025-01-14T20:34:12+00:00","og_image":[{"width":1482,"height":1456,"url":"https:\/\/mercysfancy.com\/wp-content\/uploads\/2025\/01\/Hermines-MCE.jpg","type":"image\/jpeg"}],"twitter_card":"summary_large_image","twitter_misc":{"Estimated reading time":"1 minute"},"schema":{"@context":"https:\/\/schema.org","@graph":[{"@type":"WebPage","@id":"https:\/\/mercysfancy.com\/produit\/boucles-doreille-hermines-sur-mesure\/","url":"https:\/\/mercysfancy.com\/produit\/boucles-doreille-hermines-sur-mesure\/","name":"Boucles d\u2019oreille hermines \u2013 sur mesure - Mercy\u2019s Fancy","isPartOf":{"@id":"https:\/\/mercysfancy.com\/en\/#website"},"primaryImageOfPage":{"@id":"https:\/\/mercysfancy.com\/produit\/boucles-doreille-hermines-sur-mesure\/#primaryimage"},"image":{"@id":"https:\/\/mercysfancy.com\/produit\/boucles-doreille-hermines-sur-mesure\/#primaryimage"},"thumbnailUrl":"https:\/\/mercysfancy.com\/wp-content\/uploads\/2025\/01\/Hermines-MCE.jpg","datePublished":"2025-01-14T20:34:11+00:00","dateModified":"2025-01-14T20:34:12+00:00","breadcrumb":{"@id":"https:\/\/mercysfancy.com\/produit\/boucles-doreille-hermines-sur-mesure\/#breadcrumb"},"inLanguage":"en-GB","potentialAction":[{"@type":"ReadAction","target":["https:\/\/mercysfancy.com\/produit\/boucles-doreille-hermines-sur-mesure\/"]}]},{"@type":"ImageObject","inLanguage":"en-GB","@id":"https:\/\/mercysfancy.com\/produit\/boucles-doreille-hermines-sur-mesure\/#primaryimage","url":"https:\/\/mercysfancy.com\/wp-content\/uploads\/2025\/01\/Hermines-MCE.jpg","contentUrl":"https:\/\/mercysfancy.com\/wp-content\/uploads\/2025\/01\/Hermines-MCE.jpg","width":1482,"height":1456},{"@type":"BreadcrumbList","@id":"https:\/\/mercysfancy.com\/produit\/boucles-doreille-hermines-sur-mesure\/#breadcrumb","itemListElement":[{"@type":"ListItem","position":1,"name":"Accueil","item":"https:\/\/mercysfancy.com\/"},{"@type":"ListItem","position":2,"name":"Boutique","item":"https:\/\/mercysfancy.com\/"},{"@type":"ListItem","position":3,"name":"Boucles d\u2019oreille hermines \u2013 sur mesure"}]},{"@type":"WebSite","@id":"https:\/\/mercysfancy.com\/en\/#website","url":"https:\/\/mercysfancy.com\/en\/","name":"Mercy\u2019s Fancy","description":"","potentialAction":[{"@type":"SearchAction","target":{"@type":"EntryPoint","urlTemplate":"https:\/\/mercysfancy.com\/en\/?s={search_term_string}"},"query-input":{"@type":"PropertyValueSpecification","valueRequired":true,"valueName":"search_term_string"}}],"inLanguage":"en-GB"}]}},"jetpack_sharing_enabled":true,"_links":{"self":[{"href":"https:\/\/mercysfancy.com\/en\/wp-json\/wp\/v2\/product\/404","targetHints":{"allow":["GET"]}}],"collection":[{"href":"https:\/\/mercysfancy.com\/en\/wp-json\/wp\/v2\/product"}],"about":[{"href":"https:\/\/mercysfancy.com\/en\/wp-json\/wp\/v2\/types\/product"}],"wp:featuredmedia":[{"embeddable":true,"href":"https:\/\/mercysfancy.com\/en\/wp-json\/wp\/v2\/media\/405"}],"wp:attachment":[{"href":"https:\/\/mercysfancy.com\/en\/wp-json\/wp\/v2\/media?parent=404"}],"wp:term":[{"taxonomy":"product_brand","embeddable":true,"href":"https:\/\/mercysfancy.com\/en\/wp-json\/wp\/v2\/product_brand?post=404"},{"taxonomy":"product_cat","embeddable":true,"href":"https:\/\/mercysfancy.com\/en\/wp-json\/wp\/v2\/product_cat?post=404"},{"taxonomy":"product_tag","embeddable":true,"href":"https:\/\/mercysfancy.com\/en\/wp-json\/wp\/v2\/product_tag?post=404"}],"curies":[{"name":"wp","href":"https:\/\/api.w.org\/{rel}","templated":true}]}}