{"id":334,"date":"2025-01-13T17:04:10","date_gmt":"2025-01-13T16:04:10","guid":{"rendered":"https:\/\/mercysfancy.com\/?post_type=product&#038;p=334"},"modified":"2025-01-17T21:51:50","modified_gmt":"2025-01-17T20:51:50","slug":"carte-cadeau-mercys-fancy","status":"publish","type":"product","link":"https:\/\/mercysfancy.com\/en\/product\/carte-cadeau-mercys-fancy\/","title":{"rendered":"Carte cadeau Mercy\u2019s Fancy \u2013 envoi postal"},"content":{"rendered":"<div class=\"\">Offrez un bon cadeau physique de la valeur de votre choix ! Celui-ci sera valable sur l\u2019ensemble de ce site pour une dur\u00e9e d\u2019un an. Les frais de port pour cette carte sont offerts.<\/div>\n<div class=\"\">Vous recevrez par la poste une carte de format 10 x 15 cm portant un code de r\u00e9duction du montant choisi, \u00e0 utiliser sur ce site, accompagn\u00e9e d\u2019une enveloppe vierge.<\/div>\n<div class=\"\"><\/div>\n<div class=\"\"><\/div>\n<div class=\"\">Pour toute question \u00e0 ce sujet, n\u2019h\u00e9sitez pas \u00e0 <a title=\"\" href=\"https:\/\/mercysfancy.com\/en\/contact\/\" target=\"\">me contacter<\/a>.<\/div>\n<p>&nbsp;<\/p>","protected":false},"excerpt":{"rendered":"<p>Offrez un bon cadeau physique de la valeur de votre choix ! Celui-ci sera valable sur l\u2019ensemble de ce site pour une dur\u00e9e d\u2019un an. Les frais de port pour cette carte sont offerts. Vous recevrez par la poste une carte de format 10 x 15 cm portant un code de r\u00e9duction du montant choisi, [&hellip;]<\/p>\n","protected":false},"featured_media":339,"template":"","meta":{"ocean_post_layout":"","ocean_both_sidebars_style":"","ocean_both_sidebars_content_width":0,"ocean_both_sidebars_sidebars_width":0,"ocean_sidebar":"0","ocean_second_sidebar":"0","ocean_disable_margins":"enable","ocean_add_body_class":"","ocean_shortcode_before_top_bar":"","ocean_shortcode_after_top_bar":"","ocean_shortcode_before_header":"","ocean_shortcode_after_header":"","ocean_has_shortcode":"","ocean_shortcode_after_title":"","ocean_shortcode_before_footer_widgets":"","ocean_shortcode_after_footer_widgets":"","ocean_shortcode_before_footer_bottom":"","ocean_shortcode_after_footer_bottom":"","ocean_display_top_bar":"default","ocean_display_header":"default","ocean_header_style":"","ocean_center_header_left_menu":"0","ocean_custom_header_template":"0","ocean_custom_logo":0,"ocean_custom_retina_logo":0,"ocean_custom_logo_max_width":0,"ocean_custom_logo_tablet_max_width":0,"ocean_custom_logo_mobile_max_width":0,"ocean_custom_logo_max_height":0,"ocean_custom_logo_tablet_max_height":0,"ocean_custom_logo_mobile_max_height":0,"ocean_header_custom_menu":"0","ocean_menu_typo_font_family":"0","ocean_menu_typo_font_subset":"","ocean_menu_typo_font_size":0,"ocean_menu_typo_font_size_tablet":0,"ocean_menu_typo_font_size_mobile":0,"ocean_menu_typo_font_size_unit":"px","ocean_menu_typo_font_weight":"","ocean_menu_typo_font_weight_tablet":"","ocean_menu_typo_font_weight_mobile":"","ocean_menu_typo_transform":"","ocean_menu_typo_transform_tablet":"","ocean_menu_typo_transform_mobile":"","ocean_menu_typo_line_height":0,"ocean_menu_typo_line_height_tablet":0,"ocean_menu_typo_line_height_mobile":0,"ocean_menu_typo_line_height_unit":"","ocean_menu_typo_spacing":0,"ocean_menu_typo_spacing_tablet":0,"ocean_menu_typo_spacing_mobile":0,"ocean_menu_typo_spacing_unit":"","ocean_menu_link_color":"","ocean_menu_link_color_hover":"","ocean_menu_link_color_active":"","ocean_menu_link_background":"","ocean_menu_link_hover_background":"","ocean_menu_link_active_background":"","ocean_menu_social_links_bg":"","ocean_menu_social_hover_links_bg":"","ocean_menu_social_links_color":"","ocean_menu_social_hover_links_color":"","ocean_disable_title":"default","ocean_disable_heading":"default","ocean_post_title":"","ocean_post_subheading":"","ocean_post_title_style":"","ocean_post_title_background_color":"","ocean_post_title_background":0,"ocean_post_title_bg_image_position":"","ocean_post_title_bg_image_attachment":"","ocean_post_title_bg_image_repeat":"","ocean_post_title_bg_image_size":"","ocean_post_title_height":0,"ocean_post_title_bg_overlay":0.5,"ocean_post_title_bg_overlay_color":"","ocean_disable_breadcrumbs":"default","ocean_breadcrumbs_color":"","ocean_breadcrumbs_separator_color":"","ocean_breadcrumbs_links_color":"","ocean_breadcrumbs_links_hover_color":"","ocean_display_footer_widgets":"default","ocean_display_footer_bottom":"default","ocean_custom_footer_template":"0"},"product_brand":[],"product_cat":[49,48],"product_tag":[],"class_list":{"0":"post-334","1":"product","2":"type-product","3":"status-publish","4":"has-post-thumbnail","6":"product_cat-giftcards","7":"product_cat-custom","8":"product_shipping_class-carte-cadeau","10":"entry","11":"has-media","13":"first","14":"instock","15":"shipping-taxable","16":"purchasable","17":"product-type-variable","18":"col","19":"span_1_of_4","20":"owp-content-center","21":"owp-thumbs-layout-horizontal","22":"owp-btn-normal","23":"owp-tabs-layout-vertical","24":"has-no-thumbnails"},"yoast_head":"<!-- This site is optimized with the Yoast SEO plugin v24.8 - https:\/\/yoast.com\/wordpress\/plugins\/seo\/ -->\n<title>Carte cadeau Mercy\u2019s Fancy \u2013 envoi postal - Mercy\u2019s Fancy<\/title>\n<meta name=\"robots\" content=\"index, follow, max-snippet:-1, max-image-preview:large, max-video-preview:-1\" \/>\n<link rel=\"canonical\" href=\"https:\/\/mercysfancy.com\/en\/product\/carte-cadeau-mercys-fancy\/\" \/>\n<meta property=\"og:locale\" content=\"en_GB\" \/>\n<meta property=\"og:type\" content=\"article\" \/>\n<meta property=\"og:title\" content=\"Carte cadeau Mercy\u2019s Fancy \u2013 envoi postal - Mercy\u2019s Fancy\" \/>\n<meta property=\"og:description\" content=\"Offrez un bon cadeau physique de la valeur de votre choix ! Celui-ci sera valable sur l\u2019ensemble de ce site pour une dur\u00e9e d\u2019un an. Les frais de port pour cette carte sont offerts. Vous recevrez par la poste une carte de format 10 x 15 cm portant un code de r\u00e9duction du montant choisi, [&hellip;]\" \/>\n<meta property=\"og:url\" content=\"https:\/\/mercysfancy.com\/en\/product\/carte-cadeau-mercys-fancy\/\" \/>\n<meta property=\"og:site_name\" content=\"Mercy\u2019s Fancy\" \/>\n<meta property=\"article:modified_time\" content=\"2025-01-17T20:51:50+00:00\" \/>\n<meta property=\"og:image\" content=\"https:\/\/mercysfancy.com\/wp-content\/uploads\/2025\/01\/coupon-website-physique.jpg\" \/>\n\t<meta property=\"og:image:width\" content=\"1500\" \/>\n\t<meta property=\"og:image:height\" content=\"1474\" \/>\n\t<meta property=\"og:image:type\" content=\"image\/jpeg\" \/>\n<meta name=\"twitter:card\" content=\"summary_large_image\" \/>\n<meta name=\"twitter:label1\" content=\"Estimated reading time\" \/>\n\t<meta name=\"twitter:data1\" content=\"1 minute\" \/>\n<script type=\"application\/ld+json\" class=\"yoast-schema-graph\">{\"@context\":\"https:\/\/schema.org\",\"@graph\":[{\"@type\":\"WebPage\",\"@id\":\"https:\/\/mercysfancy.com\/produit\/carte-cadeau-mercys-fancy\/\",\"url\":\"https:\/\/mercysfancy.com\/produit\/carte-cadeau-mercys-fancy\/\",\"name\":\"Carte cadeau Mercy\u2019s Fancy \u2013 envoi postal - Mercy\u2019s Fancy\",\"isPartOf\":{\"@id\":\"https:\/\/mercysfancy.com\/en\/#website\"},\"primaryImageOfPage\":{\"@id\":\"https:\/\/mercysfancy.com\/produit\/carte-cadeau-mercys-fancy\/#primaryimage\"},\"image\":{\"@id\":\"https:\/\/mercysfancy.com\/produit\/carte-cadeau-mercys-fancy\/#primaryimage\"},\"thumbnailUrl\":\"https:\/\/mercysfancy.com\/wp-content\/uploads\/2025\/01\/coupon-website-physique.jpg\",\"datePublished\":\"2025-01-13T16:04:10+00:00\",\"dateModified\":\"2025-01-17T20:51:50+00:00\",\"breadcrumb\":{\"@id\":\"https:\/\/mercysfancy.com\/produit\/carte-cadeau-mercys-fancy\/#breadcrumb\"},\"inLanguage\":\"en-GB\",\"potentialAction\":[{\"@type\":\"ReadAction\",\"target\":[\"https:\/\/mercysfancy.com\/produit\/carte-cadeau-mercys-fancy\/\"]}]},{\"@type\":\"ImageObject\",\"inLanguage\":\"en-GB\",\"@id\":\"https:\/\/mercysfancy.com\/produit\/carte-cadeau-mercys-fancy\/#primaryimage\",\"url\":\"https:\/\/mercysfancy.com\/wp-content\/uploads\/2025\/01\/coupon-website-physique.jpg\",\"contentUrl\":\"https:\/\/mercysfancy.com\/wp-content\/uploads\/2025\/01\/coupon-website-physique.jpg\",\"width\":1500,\"height\":1474},{\"@type\":\"BreadcrumbList\",\"@id\":\"https:\/\/mercysfancy.com\/produit\/carte-cadeau-mercys-fancy\/#breadcrumb\",\"itemListElement\":[{\"@type\":\"ListItem\",\"position\":1,\"name\":\"Accueil\",\"item\":\"https:\/\/mercysfancy.com\/\"},{\"@type\":\"ListItem\",\"position\":2,\"name\":\"Boutique\",\"item\":\"https:\/\/mercysfancy.com\/\"},{\"@type\":\"ListItem\",\"position\":3,\"name\":\"Carte cadeau Mercy\u2019s Fancy \u2013 envoi postal\"}]},{\"@type\":\"WebSite\",\"@id\":\"https:\/\/mercysfancy.com\/en\/#website\",\"url\":\"https:\/\/mercysfancy.com\/en\/\",\"name\":\"Mercy\u2019s Fancy\",\"description\":\"\",\"potentialAction\":[{\"@type\":\"SearchAction\",\"target\":{\"@type\":\"EntryPoint\",\"urlTemplate\":\"https:\/\/mercysfancy.com\/en\/?s={search_term_string}\"},\"query-input\":{\"@type\":\"PropertyValueSpecification\",\"valueRequired\":true,\"valueName\":\"search_term_string\"}}],\"inLanguage\":\"en-GB\"}]}<\/script>\n<!-- \/ Yoast SEO plugin. -->","yoast_head_json":{"title":"Carte cadeau Mercy\u2019s Fancy \u2013 envoi postal - Mercy\u2019s Fancy","robots":{"index":"index","follow":"follow","max-snippet":"max-snippet:-1","max-image-preview":"max-image-preview:large","max-video-preview":"max-video-preview:-1"},"canonical":"https:\/\/mercysfancy.com\/en\/product\/carte-cadeau-mercys-fancy\/","og_locale":"en_GB","og_type":"article","og_title":"Carte cadeau Mercy\u2019s Fancy \u2013 envoi postal - Mercy\u2019s Fancy","og_description":"Offrez un bon cadeau physique de la valeur de votre choix ! Celui-ci sera valable sur l\u2019ensemble de ce site pour une dur\u00e9e d\u2019un an. Les frais de port pour cette carte sont offerts. Vous recevrez par la poste une carte de format 10 x 15 cm portant un code de r\u00e9duction du montant choisi, [&hellip;]","og_url":"https:\/\/mercysfancy.com\/en\/product\/carte-cadeau-mercys-fancy\/","og_site_name":"Mercy\u2019s Fancy","article_modified_time":"2025-01-17T20:51:50+00:00","og_image":[{"width":1500,"height":1474,"url":"https:\/\/mercysfancy.com\/wp-content\/uploads\/2025\/01\/coupon-website-physique.jpg","type":"image\/jpeg"}],"twitter_card":"summary_large_image","twitter_misc":{"Estimated reading time":"1 minute"},"schema":{"@context":"https:\/\/schema.org","@graph":[{"@type":"WebPage","@id":"https:\/\/mercysfancy.com\/produit\/carte-cadeau-mercys-fancy\/","url":"https:\/\/mercysfancy.com\/produit\/carte-cadeau-mercys-fancy\/","name":"Carte cadeau Mercy\u2019s Fancy \u2013 envoi postal - Mercy\u2019s Fancy","isPartOf":{"@id":"https:\/\/mercysfancy.com\/en\/#website"},"primaryImageOfPage":{"@id":"https:\/\/mercysfancy.com\/produit\/carte-cadeau-mercys-fancy\/#primaryimage"},"image":{"@id":"https:\/\/mercysfancy.com\/produit\/carte-cadeau-mercys-fancy\/#primaryimage"},"thumbnailUrl":"https:\/\/mercysfancy.com\/wp-content\/uploads\/2025\/01\/coupon-website-physique.jpg","datePublished":"2025-01-13T16:04:10+00:00","dateModified":"2025-01-17T20:51:50+00:00","breadcrumb":{"@id":"https:\/\/mercysfancy.com\/produit\/carte-cadeau-mercys-fancy\/#breadcrumb"},"inLanguage":"en-GB","potentialAction":[{"@type":"ReadAction","target":["https:\/\/mercysfancy.com\/produit\/carte-cadeau-mercys-fancy\/"]}]},{"@type":"ImageObject","inLanguage":"en-GB","@id":"https:\/\/mercysfancy.com\/produit\/carte-cadeau-mercys-fancy\/#primaryimage","url":"https:\/\/mercysfancy.com\/wp-content\/uploads\/2025\/01\/coupon-website-physique.jpg","contentUrl":"https:\/\/mercysfancy.com\/wp-content\/uploads\/2025\/01\/coupon-website-physique.jpg","width":1500,"height":1474},{"@type":"BreadcrumbList","@id":"https:\/\/mercysfancy.com\/produit\/carte-cadeau-mercys-fancy\/#breadcrumb","itemListElement":[{"@type":"ListItem","position":1,"name":"Accueil","item":"https:\/\/mercysfancy.com\/"},{"@type":"ListItem","position":2,"name":"Boutique","item":"https:\/\/mercysfancy.com\/"},{"@type":"ListItem","position":3,"name":"Carte cadeau Mercy\u2019s Fancy \u2013 envoi postal"}]},{"@type":"WebSite","@id":"https:\/\/mercysfancy.com\/en\/#website","url":"https:\/\/mercysfancy.com\/en\/","name":"Mercy\u2019s Fancy","description":"","potentialAction":[{"@type":"SearchAction","target":{"@type":"EntryPoint","urlTemplate":"https:\/\/mercysfancy.com\/en\/?s={search_term_string}"},"query-input":{"@type":"PropertyValueSpecification","valueRequired":true,"valueName":"search_term_string"}}],"inLanguage":"en-GB"}]}},"jetpack_sharing_enabled":true,"_links":{"self":[{"href":"https:\/\/mercysfancy.com\/en\/wp-json\/wp\/v2\/product\/334","targetHints":{"allow":["GET"]}}],"collection":[{"href":"https:\/\/mercysfancy.com\/en\/wp-json\/wp\/v2\/product"}],"about":[{"href":"https:\/\/mercysfancy.com\/en\/wp-json\/wp\/v2\/types\/product"}],"wp:featuredmedia":[{"embeddable":true,"href":"https:\/\/mercysfancy.com\/en\/wp-json\/wp\/v2\/media\/339"}],"wp:attachment":[{"href":"https:\/\/mercysfancy.com\/en\/wp-json\/wp\/v2\/media?parent=334"}],"wp:term":[{"taxonomy":"product_brand","embeddable":true,"href":"https:\/\/mercysfancy.com\/en\/wp-json\/wp\/v2\/product_brand?post=334"},{"taxonomy":"product_cat","embeddable":true,"href":"https:\/\/mercysfancy.com\/en\/wp-json\/wp\/v2\/product_cat?post=334"},{"taxonomy":"product_tag","embeddable":true,"href":"https:\/\/mercysfancy.com\/en\/wp-json\/wp\/v2\/product_tag?post=334"}],"curies":[{"name":"wp","href":"https:\/\/api.w.org\/{rel}","templated":true}]}}