{"id":183,"date":"2025-01-11T16:01:26","date_gmt":"2025-01-11T15:01:26","guid":{"rendered":"https:\/\/mercysfancy.com\/?post_type=product&#038;p=183"},"modified":"2025-12-03T20:30:56","modified_gmt":"2025-12-03T19:30:56","slug":"bracelet-hanne","status":"publish","type":"product","link":"https:\/\/mercysfancy.com\/en\/product\/bracelet-hanne\/","title":{"rendered":"Bracelet Hanne"},"content":{"rendered":"<p><span data-mce-fragment=\"1\">Bracelet \u00e0 enrouler deux fois autour du poignet. Les perles sont en tourmaline, aux couleurs vari\u00e9es : violet, rose brun, noir, vert&#8230; plus d<\/span><span data-mce-fragment=\"1\">ix perles argent\u00e9es.\u00a0<\/span><span data-mce-fragment=\"1\">Le bracelet est assez long pour en faire un collier ras du cou selon votre pr\u00e9f\u00e9rence.\u00a0<\/span><\/p>\n<p data-mce-fragment=\"1\"><span data-mce-fragment=\"1\">Fermoir T.\u00a0<\/span><br data-mce-fragment=\"1\" \/><span data-mce-fragment=\"1\">Longueur : 38 cm.<\/span><\/p>\n<p data-mce-fragment=\"1\"><span data-mce-fragment=\"1\">Cette pi\u00e8ce a \u00e9t\u00e9 r\u00e9alis\u00e9e \u00e0 la main dans mon atelier parisien. Exp\u00e9dition sous 2-3 jours ouvr\u00e9s.\u00a0<\/span><\/p>\n<p data-mce-fragment=\"1\"><span data-mce-fragment=\"1\">Avant toute commande, veuillez v\u00e9rifier que la taille vous convient. Si un ajustement est n\u00e9cessaire, merci de me le signaler au moment de la commande ou en amont, via la page contact.<br \/>\n<\/span><\/p>","protected":false},"excerpt":{"rendered":"<p>Bracelet \u00e0 enrouler deux fois autour du poignet. Les perles sont en tourmaline, aux couleurs vari\u00e9es : violet, rose brun, noir, vert&#8230; plus dix perles argent\u00e9es.\u00a0Le bracelet est assez long pour en faire un collier ras du cou selon votre pr\u00e9f\u00e9rence.\u00a0 Fermoir T.\u00a0Longueur : 38 cm. Cette pi\u00e8ce a \u00e9t\u00e9 r\u00e9alis\u00e9e \u00e0 la main dans [&hellip;]<\/p>\n","protected":false},"featured_media":184,"template":"","meta":{"ocean_post_layout":"","ocean_both_sidebars_style":"","ocean_both_sidebars_content_width":0,"ocean_both_sidebars_sidebars_width":0,"ocean_sidebar":"","ocean_second_sidebar":"","ocean_disable_margins":"enable","ocean_add_body_class":"","ocean_shortcode_before_top_bar":"","ocean_shortcode_after_top_bar":"","ocean_shortcode_before_header":"","ocean_shortcode_after_header":"","ocean_has_shortcode":"","ocean_shortcode_after_title":"","ocean_shortcode_before_footer_widgets":"","ocean_shortcode_after_footer_widgets":"","ocean_shortcode_before_footer_bottom":"","ocean_shortcode_after_footer_bottom":"","ocean_display_top_bar":"default","ocean_display_header":"default","ocean_header_style":"","ocean_center_header_left_menu":"","ocean_custom_header_template":"","ocean_custom_logo":0,"ocean_custom_retina_logo":0,"ocean_custom_logo_max_width":0,"ocean_custom_logo_tablet_max_width":0,"ocean_custom_logo_mobile_max_width":0,"ocean_custom_logo_max_height":0,"ocean_custom_logo_tablet_max_height":0,"ocean_custom_logo_mobile_max_height":0,"ocean_header_custom_menu":"","ocean_menu_typo_font_family":"","ocean_menu_typo_font_subset":"","ocean_menu_typo_font_size":0,"ocean_menu_typo_font_size_tablet":0,"ocean_menu_typo_font_size_mobile":0,"ocean_menu_typo_font_size_unit":"px","ocean_menu_typo_font_weight":"","ocean_menu_typo_font_weight_tablet":"","ocean_menu_typo_font_weight_mobile":"","ocean_menu_typo_transform":"","ocean_menu_typo_transform_tablet":"","ocean_menu_typo_transform_mobile":"","ocean_menu_typo_line_height":0,"ocean_menu_typo_line_height_tablet":0,"ocean_menu_typo_line_height_mobile":0,"ocean_menu_typo_line_height_unit":"","ocean_menu_typo_spacing":0,"ocean_menu_typo_spacing_tablet":0,"ocean_menu_typo_spacing_mobile":0,"ocean_menu_typo_spacing_unit":"","ocean_menu_link_color":"","ocean_menu_link_color_hover":"","ocean_menu_link_color_active":"","ocean_menu_link_background":"","ocean_menu_link_hover_background":"","ocean_menu_link_active_background":"","ocean_menu_social_links_bg":"","ocean_menu_social_hover_links_bg":"","ocean_menu_social_links_color":"","ocean_menu_social_hover_links_color":"","ocean_disable_title":"default","ocean_disable_heading":"default","ocean_post_title":"","ocean_post_subheading":"","ocean_post_title_style":"","ocean_post_title_background_color":"","ocean_post_title_background":0,"ocean_post_title_bg_image_position":"","ocean_post_title_bg_image_attachment":"","ocean_post_title_bg_image_repeat":"","ocean_post_title_bg_image_size":"","ocean_post_title_height":0,"ocean_post_title_bg_overlay":0.5,"ocean_post_title_bg_overlay_color":"","ocean_disable_breadcrumbs":"default","ocean_breadcrumbs_color":"","ocean_breadcrumbs_separator_color":"","ocean_breadcrumbs_links_color":"","ocean_breadcrumbs_links_hover_color":"","ocean_display_footer_widgets":"default","ocean_display_footer_bottom":"default","ocean_custom_footer_template":""},"product_brand":[],"product_cat":[21,24],"product_tag":[31,36],"class_list":{"0":"post-183","1":"product","2":"type-product","3":"status-publish","4":"has-post-thumbnail","6":"product_cat-bijoux","7":"product_cat-bracelets","8":"product_tag-bracelet","9":"product_tag-pierre-naturelle","10":"product_shipping_class-suivi-100","12":"entry","13":"has-media","15":"first","16":"instock","17":"purchasable","18":"product-type-simple","19":"col","20":"span_1_of_4","21":"owp-content-center","22":"owp-thumbs-layout-horizontal","23":"owp-btn-normal","24":"owp-tabs-layout-vertical"},"yoast_head":"<!-- This site is optimized with the Yoast SEO plugin v24.8 - https:\/\/yoast.com\/wordpress\/plugins\/seo\/ -->\n<title>Bracelet Hanne - Mercy\u2019s Fancy<\/title>\n<meta name=\"robots\" content=\"index, follow, max-snippet:-1, max-image-preview:large, max-video-preview:-1\" \/>\n<link rel=\"canonical\" href=\"https:\/\/mercysfancy.com\/en\/product\/bracelet-hanne\/\" \/>\n<meta property=\"og:locale\" content=\"en_GB\" \/>\n<meta property=\"og:type\" content=\"article\" \/>\n<meta property=\"og:title\" content=\"Bracelet Hanne - Mercy\u2019s Fancy\" \/>\n<meta property=\"og:description\" content=\"Bracelet \u00e0 enrouler deux fois autour du poignet. Les perles sont en tourmaline, aux couleurs vari\u00e9es : violet, rose brun, noir, vert&#8230; plus dix perles argent\u00e9es.\u00a0Le bracelet est assez long pour en faire un collier ras du cou selon votre pr\u00e9f\u00e9rence.\u00a0 Fermoir T.\u00a0Longueur : 38 cm. Cette pi\u00e8ce a \u00e9t\u00e9 r\u00e9alis\u00e9e \u00e0 la main dans [&hellip;]\" \/>\n<meta property=\"og:url\" content=\"https:\/\/mercysfancy.com\/en\/product\/bracelet-hanne\/\" \/>\n<meta property=\"og:site_name\" content=\"Mercy\u2019s Fancy\" \/>\n<meta property=\"article:modified_time\" content=\"2025-12-03T19:30:56+00:00\" \/>\n<meta property=\"og:image\" content=\"https:\/\/mercysfancy.com\/wp-content\/uploads\/2025\/01\/Hanne-bracelet-1-MercysFancy.jpg\" \/>\n\t<meta property=\"og:image:width\" content=\"1500\" \/>\n\t<meta property=\"og:image:height\" content=\"1474\" \/>\n\t<meta property=\"og:image:type\" content=\"image\/jpeg\" \/>\n<meta name=\"twitter:card\" content=\"summary_large_image\" \/>\n<meta name=\"twitter:label1\" content=\"Estimated reading time\" \/>\n\t<meta name=\"twitter:data1\" content=\"1 minute\" \/>\n<script type=\"application\/ld+json\" class=\"yoast-schema-graph\">{\"@context\":\"https:\/\/schema.org\",\"@graph\":[{\"@type\":\"WebPage\",\"@id\":\"https:\/\/mercysfancy.com\/produit\/bracelet-hanne\/\",\"url\":\"https:\/\/mercysfancy.com\/produit\/bracelet-hanne\/\",\"name\":\"Bracelet Hanne - Mercy\u2019s Fancy\",\"isPartOf\":{\"@id\":\"https:\/\/mercysfancy.com\/en\/#website\"},\"primaryImageOfPage\":{\"@id\":\"https:\/\/mercysfancy.com\/produit\/bracelet-hanne\/#primaryimage\"},\"image\":{\"@id\":\"https:\/\/mercysfancy.com\/produit\/bracelet-hanne\/#primaryimage\"},\"thumbnailUrl\":\"https:\/\/mercysfancy.com\/wp-content\/uploads\/2025\/01\/Hanne-bracelet-1-MercysFancy.jpg\",\"datePublished\":\"2025-01-11T15:01:26+00:00\",\"dateModified\":\"2025-12-03T19:30:56+00:00\",\"breadcrumb\":{\"@id\":\"https:\/\/mercysfancy.com\/produit\/bracelet-hanne\/#breadcrumb\"},\"inLanguage\":\"en-GB\",\"potentialAction\":[{\"@type\":\"ReadAction\",\"target\":[\"https:\/\/mercysfancy.com\/produit\/bracelet-hanne\/\"]}]},{\"@type\":\"ImageObject\",\"inLanguage\":\"en-GB\",\"@id\":\"https:\/\/mercysfancy.com\/produit\/bracelet-hanne\/#primaryimage\",\"url\":\"https:\/\/mercysfancy.com\/wp-content\/uploads\/2025\/01\/Hanne-bracelet-1-MercysFancy.jpg\",\"contentUrl\":\"https:\/\/mercysfancy.com\/wp-content\/uploads\/2025\/01\/Hanne-bracelet-1-MercysFancy.jpg\",\"width\":1500,\"height\":1474,\"caption\":\"Bracelet Hanne\"},{\"@type\":\"BreadcrumbList\",\"@id\":\"https:\/\/mercysfancy.com\/produit\/bracelet-hanne\/#breadcrumb\",\"itemListElement\":[{\"@type\":\"ListItem\",\"position\":1,\"name\":\"Accueil\",\"item\":\"https:\/\/mercysfancy.com\/\"},{\"@type\":\"ListItem\",\"position\":2,\"name\":\"Boutique\",\"item\":\"https:\/\/mercysfancy.com\/\"},{\"@type\":\"ListItem\",\"position\":3,\"name\":\"Bracelet Hanne\"}]},{\"@type\":\"WebSite\",\"@id\":\"https:\/\/mercysfancy.com\/en\/#website\",\"url\":\"https:\/\/mercysfancy.com\/en\/\",\"name\":\"Mercy\u2019s Fancy\",\"description\":\"\",\"potentialAction\":[{\"@type\":\"SearchAction\",\"target\":{\"@type\":\"EntryPoint\",\"urlTemplate\":\"https:\/\/mercysfancy.com\/en\/?s={search_term_string}\"},\"query-input\":{\"@type\":\"PropertyValueSpecification\",\"valueRequired\":true,\"valueName\":\"search_term_string\"}}],\"inLanguage\":\"en-GB\"}]}<\/script>\n<!-- \/ Yoast SEO plugin. -->","yoast_head_json":{"title":"Bracelet Hanne - Mercy\u2019s Fancy","robots":{"index":"index","follow":"follow","max-snippet":"max-snippet:-1","max-image-preview":"max-image-preview:large","max-video-preview":"max-video-preview:-1"},"canonical":"https:\/\/mercysfancy.com\/en\/product\/bracelet-hanne\/","og_locale":"en_GB","og_type":"article","og_title":"Bracelet Hanne - Mercy\u2019s Fancy","og_description":"Bracelet \u00e0 enrouler deux fois autour du poignet. Les perles sont en tourmaline, aux couleurs vari\u00e9es : violet, rose brun, noir, vert&#8230; plus dix perles argent\u00e9es.\u00a0Le bracelet est assez long pour en faire un collier ras du cou selon votre pr\u00e9f\u00e9rence.\u00a0 Fermoir T.\u00a0Longueur : 38 cm. Cette pi\u00e8ce a \u00e9t\u00e9 r\u00e9alis\u00e9e \u00e0 la main dans [&hellip;]","og_url":"https:\/\/mercysfancy.com\/en\/product\/bracelet-hanne\/","og_site_name":"Mercy\u2019s Fancy","article_modified_time":"2025-12-03T19:30:56+00:00","og_image":[{"width":1500,"height":1474,"url":"https:\/\/mercysfancy.com\/wp-content\/uploads\/2025\/01\/Hanne-bracelet-1-MercysFancy.jpg","type":"image\/jpeg"}],"twitter_card":"summary_large_image","twitter_misc":{"Estimated reading time":"1 minute"},"schema":{"@context":"https:\/\/schema.org","@graph":[{"@type":"WebPage","@id":"https:\/\/mercysfancy.com\/produit\/bracelet-hanne\/","url":"https:\/\/mercysfancy.com\/produit\/bracelet-hanne\/","name":"Bracelet Hanne - Mercy\u2019s Fancy","isPartOf":{"@id":"https:\/\/mercysfancy.com\/en\/#website"},"primaryImageOfPage":{"@id":"https:\/\/mercysfancy.com\/produit\/bracelet-hanne\/#primaryimage"},"image":{"@id":"https:\/\/mercysfancy.com\/produit\/bracelet-hanne\/#primaryimage"},"thumbnailUrl":"https:\/\/mercysfancy.com\/wp-content\/uploads\/2025\/01\/Hanne-bracelet-1-MercysFancy.jpg","datePublished":"2025-01-11T15:01:26+00:00","dateModified":"2025-12-03T19:30:56+00:00","breadcrumb":{"@id":"https:\/\/mercysfancy.com\/produit\/bracelet-hanne\/#breadcrumb"},"inLanguage":"en-GB","potentialAction":[{"@type":"ReadAction","target":["https:\/\/mercysfancy.com\/produit\/bracelet-hanne\/"]}]},{"@type":"ImageObject","inLanguage":"en-GB","@id":"https:\/\/mercysfancy.com\/produit\/bracelet-hanne\/#primaryimage","url":"https:\/\/mercysfancy.com\/wp-content\/uploads\/2025\/01\/Hanne-bracelet-1-MercysFancy.jpg","contentUrl":"https:\/\/mercysfancy.com\/wp-content\/uploads\/2025\/01\/Hanne-bracelet-1-MercysFancy.jpg","width":1500,"height":1474,"caption":"Bracelet Hanne"},{"@type":"BreadcrumbList","@id":"https:\/\/mercysfancy.com\/produit\/bracelet-hanne\/#breadcrumb","itemListElement":[{"@type":"ListItem","position":1,"name":"Accueil","item":"https:\/\/mercysfancy.com\/"},{"@type":"ListItem","position":2,"name":"Boutique","item":"https:\/\/mercysfancy.com\/"},{"@type":"ListItem","position":3,"name":"Bracelet Hanne"}]},{"@type":"WebSite","@id":"https:\/\/mercysfancy.com\/en\/#website","url":"https:\/\/mercysfancy.com\/en\/","name":"Mercy\u2019s Fancy","description":"","potentialAction":[{"@type":"SearchAction","target":{"@type":"EntryPoint","urlTemplate":"https:\/\/mercysfancy.com\/en\/?s={search_term_string}"},"query-input":{"@type":"PropertyValueSpecification","valueRequired":true,"valueName":"search_term_string"}}],"inLanguage":"en-GB"}]}},"jetpack_sharing_enabled":true,"_links":{"self":[{"href":"https:\/\/mercysfancy.com\/en\/wp-json\/wp\/v2\/product\/183","targetHints":{"allow":["GET"]}}],"collection":[{"href":"https:\/\/mercysfancy.com\/en\/wp-json\/wp\/v2\/product"}],"about":[{"href":"https:\/\/mercysfancy.com\/en\/wp-json\/wp\/v2\/types\/product"}],"wp:featuredmedia":[{"embeddable":true,"href":"https:\/\/mercysfancy.com\/en\/wp-json\/wp\/v2\/media\/184"}],"wp:attachment":[{"href":"https:\/\/mercysfancy.com\/en\/wp-json\/wp\/v2\/media?parent=183"}],"wp:term":[{"taxonomy":"product_brand","embeddable":true,"href":"https:\/\/mercysfancy.com\/en\/wp-json\/wp\/v2\/product_brand?post=183"},{"taxonomy":"product_cat","embeddable":true,"href":"https:\/\/mercysfancy.com\/en\/wp-json\/wp\/v2\/product_cat?post=183"},{"taxonomy":"product_tag","embeddable":true,"href":"https:\/\/mercysfancy.com\/en\/wp-json\/wp\/v2\/product_tag?post=183"}],"curies":[{"name":"wp","href":"https:\/\/api.w.org\/{rel}","templated":true}]}}