{"id":1228,"date":"2026-01-10T15:28:24","date_gmt":"2026-01-10T14:28:24","guid":{"rendered":"https:\/\/mercysfancy.com\/?post_type=product&#038;p=1228"},"modified":"2026-01-10T15:28:24","modified_gmt":"2026-01-10T14:28:24","slug":"guirlande-shizue","status":"publish","type":"product","link":"https:\/\/mercysfancy.com\/en\/product\/guirlande-shizue\/","title":{"rendered":"Guirlande Shizue"},"content":{"rendered":"<p>Guirlande murale de grues en origami, pli\u00e9es \u00e0 la main avec du papier washi noir et dor\u00e9 (papier japonais peint \u00e0 la main au Japon) et de petits cristaux Swarovski.<\/p>\n<p>Longueur : env. 65 cm.<br \/>\nLes grues font 8 x 5 cm.<\/p>","protected":false},"excerpt":{"rendered":"<p>Guirlande murale de grues en origami, pli\u00e9es \u00e0 la main avec du papier washi noir et dor\u00e9 (papier japonais peint \u00e0 la main au Japon) et de petits cristaux Swarovski. Longueur : env. 65 cm. Les grues font 8 x 5 cm.<\/p>","protected":false},"featured_media":1229,"template":"","meta":{"ocean_post_layout":"","ocean_both_sidebars_style":"","ocean_both_sidebars_content_width":0,"ocean_both_sidebars_sidebars_width":0,"ocean_sidebar":"0","ocean_second_sidebar":"0","ocean_disable_margins":"enable","ocean_add_body_class":"","ocean_shortcode_before_top_bar":"","ocean_shortcode_after_top_bar":"","ocean_shortcode_before_header":"","ocean_shortcode_after_header":"","ocean_has_shortcode":"","ocean_shortcode_after_title":"","ocean_shortcode_before_footer_widgets":"","ocean_shortcode_after_footer_widgets":"","ocean_shortcode_before_footer_bottom":"","ocean_shortcode_after_footer_bottom":"","ocean_display_top_bar":"default","ocean_display_header":"default","ocean_header_style":"","ocean_center_header_left_menu":"0","ocean_custom_header_template":"0","ocean_custom_logo":0,"ocean_custom_retina_logo":0,"ocean_custom_logo_max_width":0,"ocean_custom_logo_tablet_max_width":0,"ocean_custom_logo_mobile_max_width":0,"ocean_custom_logo_max_height":0,"ocean_custom_logo_tablet_max_height":0,"ocean_custom_logo_mobile_max_height":0,"ocean_header_custom_menu":"0","ocean_menu_typo_font_family":"0","ocean_menu_typo_font_subset":"","ocean_menu_typo_font_size":0,"ocean_menu_typo_font_size_tablet":0,"ocean_menu_typo_font_size_mobile":0,"ocean_menu_typo_font_size_unit":"px","ocean_menu_typo_font_weight":"","ocean_menu_typo_font_weight_tablet":"","ocean_menu_typo_font_weight_mobile":"","ocean_menu_typo_transform":"","ocean_menu_typo_transform_tablet":"","ocean_menu_typo_transform_mobile":"","ocean_menu_typo_line_height":0,"ocean_menu_typo_line_height_tablet":0,"ocean_menu_typo_line_height_mobile":0,"ocean_menu_typo_line_height_unit":"","ocean_menu_typo_spacing":0,"ocean_menu_typo_spacing_tablet":0,"ocean_menu_typo_spacing_mobile":0,"ocean_menu_typo_spacing_unit":"","ocean_menu_link_color":"","ocean_menu_link_color_hover":"","ocean_menu_link_color_active":"","ocean_menu_link_background":"","ocean_menu_link_hover_background":"","ocean_menu_link_active_background":"","ocean_menu_social_links_bg":"","ocean_menu_social_hover_links_bg":"","ocean_menu_social_links_color":"","ocean_menu_social_hover_links_color":"","ocean_disable_title":"default","ocean_disable_heading":"default","ocean_post_title":"","ocean_post_subheading":"","ocean_post_title_style":"","ocean_post_title_background_color":"","ocean_post_title_background":0,"ocean_post_title_bg_image_position":"","ocean_post_title_bg_image_attachment":"","ocean_post_title_bg_image_repeat":"","ocean_post_title_bg_image_size":"","ocean_post_title_height":0,"ocean_post_title_bg_overlay":0.5,"ocean_post_title_bg_overlay_color":"","ocean_disable_breadcrumbs":"default","ocean_breadcrumbs_color":"","ocean_breadcrumbs_separator_color":"","ocean_breadcrumbs_links_color":"","ocean_breadcrumbs_links_hover_color":"","ocean_display_footer_widgets":"default","ocean_display_footer_bottom":"default","ocean_custom_footer_template":"0"},"product_brand":[],"product_cat":[27,28],"product_tag":[35],"class_list":{"0":"post-1228","1":"product","2":"type-product","3":"status-publish","4":"has-post-thumbnail","6":"product_cat-deco","7":"product_cat-guirlandes","8":"product_tag-guirlande","9":"product_shipping_class-colis-leger","11":"entry","12":"has-media","14":"first","15":"instock","16":"shipping-taxable","17":"purchasable","18":"product-type-simple","19":"col","20":"span_1_of_4","21":"owp-content-center","22":"owp-thumbs-layout-horizontal","23":"owp-btn-normal","24":"owp-tabs-layout-vertical"},"yoast_head":"<!-- This site is optimized with the Yoast SEO plugin v24.8 - https:\/\/yoast.com\/wordpress\/plugins\/seo\/ -->\n<title>Guirlande Shizue - Mercy\u2019s Fancy<\/title>\n<meta name=\"robots\" content=\"index, follow, max-snippet:-1, max-image-preview:large, max-video-preview:-1\" \/>\n<link rel=\"canonical\" href=\"https:\/\/mercysfancy.com\/en\/product\/guirlande-shizue\/\" \/>\n<meta property=\"og:locale\" content=\"en_GB\" \/>\n<meta property=\"og:type\" content=\"article\" \/>\n<meta property=\"og:title\" content=\"Guirlande Shizue - Mercy\u2019s Fancy\" \/>\n<meta property=\"og:description\" content=\"Guirlande murale de grues en origami, pli\u00e9es \u00e0 la main avec du papier washi noir et dor\u00e9 (papier japonais peint \u00e0 la main au Japon) et de petits cristaux Swarovski. Longueur : env. 65 cm. Les grues font 8 x 5 cm.\" \/>\n<meta property=\"og:url\" content=\"https:\/\/mercysfancy.com\/en\/product\/guirlande-shizue\/\" \/>\n<meta property=\"og:site_name\" content=\"Mercy\u2019s Fancy\" \/>\n<meta property=\"og:image\" content=\"https:\/\/mercysfancy.com\/wp-content\/uploads\/2026\/01\/Shizue-guirlande-1-MercysFancy.jpg\" \/>\n\t<meta property=\"og:image:width\" content=\"1000\" \/>\n\t<meta property=\"og:image:height\" content=\"1400\" \/>\n\t<meta property=\"og:image:type\" content=\"image\/jpeg\" \/>\n<meta name=\"twitter:card\" content=\"summary_large_image\" \/>\n<meta name=\"twitter:label1\" content=\"Estimated reading time\" \/>\n\t<meta name=\"twitter:data1\" content=\"1 minute\" \/>\n<script type=\"application\/ld+json\" class=\"yoast-schema-graph\">{\"@context\":\"https:\/\/schema.org\",\"@graph\":[{\"@type\":\"WebPage\",\"@id\":\"https:\/\/mercysfancy.com\/produit\/guirlande-shizue\/\",\"url\":\"https:\/\/mercysfancy.com\/produit\/guirlande-shizue\/\",\"name\":\"Guirlande Shizue - Mercy\u2019s Fancy\",\"isPartOf\":{\"@id\":\"https:\/\/mercysfancy.com\/en\/#website\"},\"primaryImageOfPage\":{\"@id\":\"https:\/\/mercysfancy.com\/produit\/guirlande-shizue\/#primaryimage\"},\"image\":{\"@id\":\"https:\/\/mercysfancy.com\/produit\/guirlande-shizue\/#primaryimage\"},\"thumbnailUrl\":\"https:\/\/mercysfancy.com\/wp-content\/uploads\/2026\/01\/Shizue-guirlande-1-MercysFancy.jpg\",\"datePublished\":\"2026-01-10T14:28:24+00:00\",\"breadcrumb\":{\"@id\":\"https:\/\/mercysfancy.com\/produit\/guirlande-shizue\/#breadcrumb\"},\"inLanguage\":\"en-GB\",\"potentialAction\":[{\"@type\":\"ReadAction\",\"target\":[\"https:\/\/mercysfancy.com\/produit\/guirlande-shizue\/\"]}]},{\"@type\":\"ImageObject\",\"inLanguage\":\"en-GB\",\"@id\":\"https:\/\/mercysfancy.com\/produit\/guirlande-shizue\/#primaryimage\",\"url\":\"https:\/\/mercysfancy.com\/wp-content\/uploads\/2026\/01\/Shizue-guirlande-1-MercysFancy.jpg\",\"contentUrl\":\"https:\/\/mercysfancy.com\/wp-content\/uploads\/2026\/01\/Shizue-guirlande-1-MercysFancy.jpg\",\"width\":1000,\"height\":1400},{\"@type\":\"BreadcrumbList\",\"@id\":\"https:\/\/mercysfancy.com\/produit\/guirlande-shizue\/#breadcrumb\",\"itemListElement\":[{\"@type\":\"ListItem\",\"position\":1,\"name\":\"Accueil\",\"item\":\"https:\/\/mercysfancy.com\/\"},{\"@type\":\"ListItem\",\"position\":2,\"name\":\"Boutique\",\"item\":\"https:\/\/mercysfancy.com\/\"},{\"@type\":\"ListItem\",\"position\":3,\"name\":\"Guirlande Shizue\"}]},{\"@type\":\"WebSite\",\"@id\":\"https:\/\/mercysfancy.com\/en\/#website\",\"url\":\"https:\/\/mercysfancy.com\/en\/\",\"name\":\"Mercy\u2019s Fancy\",\"description\":\"\",\"potentialAction\":[{\"@type\":\"SearchAction\",\"target\":{\"@type\":\"EntryPoint\",\"urlTemplate\":\"https:\/\/mercysfancy.com\/en\/?s={search_term_string}\"},\"query-input\":{\"@type\":\"PropertyValueSpecification\",\"valueRequired\":true,\"valueName\":\"search_term_string\"}}],\"inLanguage\":\"en-GB\"}]}<\/script>\n<!-- \/ Yoast SEO plugin. -->","yoast_head_json":{"title":"Guirlande Shizue - Mercy\u2019s Fancy","robots":{"index":"index","follow":"follow","max-snippet":"max-snippet:-1","max-image-preview":"max-image-preview:large","max-video-preview":"max-video-preview:-1"},"canonical":"https:\/\/mercysfancy.com\/en\/product\/guirlande-shizue\/","og_locale":"en_GB","og_type":"article","og_title":"Guirlande Shizue - Mercy\u2019s Fancy","og_description":"Guirlande murale de grues en origami, pli\u00e9es \u00e0 la main avec du papier washi noir et dor\u00e9 (papier japonais peint \u00e0 la main au Japon) et de petits cristaux Swarovski. Longueur : env. 65 cm. Les grues font 8 x 5 cm.","og_url":"https:\/\/mercysfancy.com\/en\/product\/guirlande-shizue\/","og_site_name":"Mercy\u2019s Fancy","og_image":[{"width":1000,"height":1400,"url":"https:\/\/mercysfancy.com\/wp-content\/uploads\/2026\/01\/Shizue-guirlande-1-MercysFancy.jpg","type":"image\/jpeg"}],"twitter_card":"summary_large_image","twitter_misc":{"Estimated reading time":"1 minute"},"schema":{"@context":"https:\/\/schema.org","@graph":[{"@type":"WebPage","@id":"https:\/\/mercysfancy.com\/produit\/guirlande-shizue\/","url":"https:\/\/mercysfancy.com\/produit\/guirlande-shizue\/","name":"Guirlande Shizue - Mercy\u2019s Fancy","isPartOf":{"@id":"https:\/\/mercysfancy.com\/en\/#website"},"primaryImageOfPage":{"@id":"https:\/\/mercysfancy.com\/produit\/guirlande-shizue\/#primaryimage"},"image":{"@id":"https:\/\/mercysfancy.com\/produit\/guirlande-shizue\/#primaryimage"},"thumbnailUrl":"https:\/\/mercysfancy.com\/wp-content\/uploads\/2026\/01\/Shizue-guirlande-1-MercysFancy.jpg","datePublished":"2026-01-10T14:28:24+00:00","breadcrumb":{"@id":"https:\/\/mercysfancy.com\/produit\/guirlande-shizue\/#breadcrumb"},"inLanguage":"en-GB","potentialAction":[{"@type":"ReadAction","target":["https:\/\/mercysfancy.com\/produit\/guirlande-shizue\/"]}]},{"@type":"ImageObject","inLanguage":"en-GB","@id":"https:\/\/mercysfancy.com\/produit\/guirlande-shizue\/#primaryimage","url":"https:\/\/mercysfancy.com\/wp-content\/uploads\/2026\/01\/Shizue-guirlande-1-MercysFancy.jpg","contentUrl":"https:\/\/mercysfancy.com\/wp-content\/uploads\/2026\/01\/Shizue-guirlande-1-MercysFancy.jpg","width":1000,"height":1400},{"@type":"BreadcrumbList","@id":"https:\/\/mercysfancy.com\/produit\/guirlande-shizue\/#breadcrumb","itemListElement":[{"@type":"ListItem","position":1,"name":"Accueil","item":"https:\/\/mercysfancy.com\/"},{"@type":"ListItem","position":2,"name":"Boutique","item":"https:\/\/mercysfancy.com\/"},{"@type":"ListItem","position":3,"name":"Guirlande Shizue"}]},{"@type":"WebSite","@id":"https:\/\/mercysfancy.com\/en\/#website","url":"https:\/\/mercysfancy.com\/en\/","name":"Mercy\u2019s Fancy","description":"","potentialAction":[{"@type":"SearchAction","target":{"@type":"EntryPoint","urlTemplate":"https:\/\/mercysfancy.com\/en\/?s={search_term_string}"},"query-input":{"@type":"PropertyValueSpecification","valueRequired":true,"valueName":"search_term_string"}}],"inLanguage":"en-GB"}]}},"jetpack_sharing_enabled":true,"_links":{"self":[{"href":"https:\/\/mercysfancy.com\/en\/wp-json\/wp\/v2\/product\/1228","targetHints":{"allow":["GET"]}}],"collection":[{"href":"https:\/\/mercysfancy.com\/en\/wp-json\/wp\/v2\/product"}],"about":[{"href":"https:\/\/mercysfancy.com\/en\/wp-json\/wp\/v2\/types\/product"}],"wp:featuredmedia":[{"embeddable":true,"href":"https:\/\/mercysfancy.com\/en\/wp-json\/wp\/v2\/media\/1229"}],"wp:attachment":[{"href":"https:\/\/mercysfancy.com\/en\/wp-json\/wp\/v2\/media?parent=1228"}],"wp:term":[{"taxonomy":"product_brand","embeddable":true,"href":"https:\/\/mercysfancy.com\/en\/wp-json\/wp\/v2\/product_brand?post=1228"},{"taxonomy":"product_cat","embeddable":true,"href":"https:\/\/mercysfancy.com\/en\/wp-json\/wp\/v2\/product_cat?post=1228"},{"taxonomy":"product_tag","embeddable":true,"href":"https:\/\/mercysfancy.com\/en\/wp-json\/wp\/v2\/product_tag?post=1228"}],"curies":[{"name":"wp","href":"https:\/\/api.w.org\/{rel}","templated":true}]}}