{"id":10,"date":"2025-01-11T15:16:05","date_gmt":"2025-01-11T14:16:05","guid":{"rendered":"https:\/\/mercysfancy.com\/?page_id=10"},"modified":"2025-01-11T15:31:41","modified_gmt":"2025-01-11T14:31:41","slug":"cgv","status":"publish","type":"page","link":"https:\/\/mercysfancy.com\/en\/cgv\/","title":{"rendered":"Terms and conditions"},"content":{"rendered":"\n<p>Les pr\u00e9sentes conditions de vente sont conclues d\u2019une part par la soci\u00e9t\u00e9 Mercy\u2019s Fancy, repr\u00e9sent\u00e9e par Cl\u00e9mence Carrier, g\u00e9rante et cr\u00e9atrice du site https:\/\/mercysfancy.com et, d\u2019autre part, par toute personne physique ou morale souhaitant proc\u00e9der \u00e0 un achat via le site internet https:\/\/mercysfancy.com d\u00e9nomm\u00e9e ci-apr\u00e8s \u00ab l\u2019acheteur \u00bb.<br><br><strong>Article 1. Objet<\/strong><br>Les pr\u00e9sentes conditions de vente visent \u00e0 d\u00e9finir les relations contractuelles entre Mercy\u2019s Fancy et l\u2019acheteur et les conditions applicables \u00e0 tout achat effectu\u00e9 par le biais du site internet https:\/\/mercysfancy.com. L\u2019acquisition d\u2019un produit \u00e0 travers le pr\u00e9sent site implique une acceptation sans r\u00e9serve par l\u2019acheteur des pr\u00e9sentes conditions de vente dont l\u2019acheteur reconna\u00eet avoir pris connaissance pr\u00e9alablement \u00e0 sa commande. Avant toute transaction, l\u2019acheteur d\u00e9clare d\u2019une part que l\u2019achat de produits sur le site https:\/\/mercysfancy.com est sans rapport direct avec son activit\u00e9 professionnelle et est limit\u00e9 \u00e0 une utilisation strictement personnelle et d\u2019autre part avoir la pleine capacit\u00e9 juridique, lui permettant de s\u2019engager au titre des pr\u00e9sentes conditions g\u00e9n\u00e9rales de ventes.<br>Mercy\u2019s Fancy conserve la possibilit\u00e9 de modifier \u00e0 tout moment ces conditions de ventes, afin de respecter toute nouvelle r\u00e9glementation ou dans le but d&rsquo;am\u00e9liorer l\u2019utilisation de son site. De ce fait, les conditions applicables seront celles en vigueur \u00e0 la date de la commande par l\u2019acheteur.<br><br><strong>Article 2. Produits<\/strong><br>Les produits propos\u00e9s sont ceux qui figurent sur le site de Mercy\u2019s Fancy, dans la limite des stocks disponibles. Mercy\u2019s Fancy se r\u00e9serve le droit de modifier \u00e0 tout moment l\u2019assortiment de produits. Chaque produit est pr\u00e9sent\u00e9 sur le site internet sous forme d\u2019un descriptif reprenant ses principales caract\u00e9ristiques techniques (contenance, utilisation, composition\u2026). Les photographies sont les plus fid\u00e8les possibles mais n\u2019engagent en rien Mercy\u2019s Fancy.<br><br><strong>Article 3. Tarifs<\/strong><br>Les prix figurant sur les fiches produits du catalogue internet et sont des prix en Euros (\u20ac) HT (TVA non applicable conform\u00e9ment \u00e0 l\u2019article 293 B du CGI). <br>Mercy\u2019s Fancy se r\u00e9serve le droit de modifier ses prix \u00e0 tout moment, \u00e9tant toutefois entendu que le prix figurant au catalogue le jour de la commande sera le seul applicable \u00e0 l\u2019acheteur. Les prix indiqu\u00e9s ne comprennent pas les frais de livraison, factur\u00e9s en suppl\u00e9ment du prix des produits achet\u00e9s suivant le poids total de la commande.<br>En revanche, l\u2019acheteur doit se renseigner sur des \u00e9ventuels taxes de droits de douane ou autres taxes locales susceptible d\u2019\u00eatre exigibles. Ces taxes sont \u00e0 la charge de l\u2019acheteur et sous sa responsabilit\u00e9. Mercy\u2019s Fancy se d\u00e9gage de toute responsabilit\u00e9 juridique si l&rsquo;acquittement des taxes n&rsquo;\u00e9tait pas effectu\u00e9 par l\u2019Acheteur.<br><strong><br>Article 4. Commande et modalit\u00e9s de paiement<\/strong><br>Avant toute commande, l\u2019acheteur doit cr\u00e9er un compte sur le site https:\/\/mercysfancy.com. La rubrique de cr\u00e9ation de compte est accessible directement depuis la barre de menu principale. \u00c0 chaque visite, l\u2019acheteur, s\u2019il souhaite commander ou consulter son compte (\u00e9tat des commandes, profil\u2026), devra s\u2019identifier \u00e0 l\u2019aide de ces informations. Mercy\u2019s Fancy propose \u00e0 l\u2019acheteur de commander et r\u00e9gler ses produits en plusieurs \u00e9tapes, par carte bancaire, via le syst\u00e8me de paiement s\u00e9curis\u00e9 Stripe. Ce syst\u00e8me ne n\u00e9cessite pas la cr\u00e9ation d&rsquo;un compte Stripe. <br>La confirmation d\u2019une commande entra\u00eene acceptation des pr\u00e9sentes conditions de vente, la reconnaissance d\u2019en avoir parfaite connaissance et la renonciation \u00e0 se pr\u00e9valoir de ses propres conditions d\u2019achat. L\u2019ensemble des donn\u00e9es fournies et la confirmation enregistr\u00e9e vaudront preuve de la transaction. Si l\u2019acheteur poss\u00e8de une adresse \u00e9lectronique et s\u2019il l\u2019a renseign\u00e9e sur son bon de commande, Mercy\u2019s Fancy lui communiquera par courrier \u00e9lectronique la confirmation de l\u2019enregistrement de sa commande.<br>Si l\u2019acheteur souhaite contacter Mercy\u2019s Fancy, il peut le faire par email \u00e0 l\u2019adresse suivante : mercysfancy[at]gmail[point]com. <br><br><strong>Article 5. R\u00e9serve de propri\u00e9t\u00e9<\/strong><br>Mercy\u2019s Fancy conserve la propri\u00e9t\u00e9 pleine et enti\u00e8re des produits vendus jusqu&rsquo;au parfait encaissement du prix, en principal, frais et taxes compris.<br><br><strong>Article 6. R\u00e9tractation<\/strong><br>En vertu de l\u2019article L121-20 du Code de la consommation, l\u2019acheteur dispose d&rsquo;un d\u00e9lai de 14 jours ouvrables \u00e0 compter de la livraison de leur commande pour exercer son droit de r\u00e9tractation et ainsi faire retour du produit au vendeur pour \u00e9change ou remboursement sans p\u00e9nalit\u00e9, \u00e0 l\u2019exception des frais de retour.<br><br><strong>Article 7. Livraison<\/strong><br>Les livraisons sont faites \u00e0 l\u2019adresse indiqu\u00e9e sur le bon de commande qui ne peut \u00eatre que dans la zone g\u00e9ographique convenue. Les commandes sont effectu\u00e9es par La Poste, service de livraison avec suivi, remise sans signature. Les d\u00e9lais de livraison ne sont donn\u00e9s qu\u2019\u00e0 titre indicatif ; si ceux-ci d\u00e9passent trente jours \u00e0 compter de la commande, le contrat de vente pourra \u00eatre r\u00e9sili\u00e9 et l\u2019acheteur rembours\u00e9. <br>Mercy\u2019s Fancy pourra fournir par e-mail \u00e0 l\u2019acheteur le num\u00e9ro de suivi de son colis. L\u2019acheteur est livr\u00e9 \u00e0 son domicile par son facteur. En cas d\u2019absence de l\u2019acheteur, il recevra un avis de passage de son facteur, ce qui lui permet de retirer les produits command\u00e9s au bureau de Poste le plus proche, pendant un d\u00e9lai indiqu\u00e9 par les services postaux. Les risques li\u00e9s au transport sont \u00e0 la charge de l&rsquo;acheteur \u00e0 compter du moment o\u00f9 les articles quittent les locaux de Mercy\u2019s Fancy. L\u2019acheteur est tenu de v\u00e9rifier en pr\u00e9sence du pr\u00e9pos\u00e9 de La Poste l\u2019\u00e9tat de l\u2019emballage de la marchandise et son contenu \u00e0 la livraison. En cas de dommage pendant le transport, toute protestation doit \u00eatre effectu\u00e9e aupr\u00e8s du transporteur dans un d\u00e9lai de trois jours \u00e0 compter de la livraison.<br><br><strong>Article 8. Garantie<\/strong><br>Tous les produits fournis par Mercy\u2019s Fancy b\u00e9n\u00e9ficient de la garantie l\u00e9gale pr\u00e9vue par les articles 1641 et suivants du Code civil. En cas de non conformit\u00e9 d\u2019un produit vendu, il pourra \u00eatre retourn\u00e9 \u00e0 Mercy\u2019s Fancy qui le reprendra, l\u2019\u00e9changera ou le remboursera. Toutes les r\u00e9clamations, demandes d\u2019\u00e9change ou de remboursement doivent s\u2019effectuer par email \u00e0 l\u2019adresse mercysfancy[at]gmail[point]com, dans un d\u00e9lai de 30 jours apr\u00e8s livraison.<br><br><strong>Article 9. Responsabilit\u00e9<\/strong><br>Mercy\u2019s Fancy, dans le processus de vente \u00e0 distance, n\u2019est tenue que par une obligation de moyens. Sa responsabilit\u00e9 ne pourra \u00eatre engag\u00e9e pour un dommage r\u00e9sultant de l\u2019utilisation du r\u00e9seau Internet tel que perte de donn\u00e9es, intrusion, virus, rupture du service, ou autres probl\u00e8mes involontaires.<br><br><strong>Article 10. Propri\u00e9t\u00e9 intellectuelle<\/strong><br>Tous les \u00e9l\u00e9ments du site https:\/\/mercysfancy.com sont et restent la propri\u00e9t\u00e9 intellectuelle et exclusive de Mercy\u2019s Fancy. Personne n\u2019est autoris\u00e9 \u00e0 reproduire, exploiter, ou utiliser \u00e0 quelque titre que ce soit, m\u00eame partiellement, des \u00e9l\u00e9ments du site qu\u2019ils soient sous forme de photo, logo, visuel ou texte.<br><br><strong>Article 11. Donn\u00e9es \u00e0 caract\u00e8re personnel<\/strong><br>Mercy\u2019s Fancy s&rsquo;engage \u00e0 pr\u00e9server la confidentialit\u00e9 des informations fournies par l\u2019acheteur, qu&rsquo;il serait amen\u00e9 \u00e0 transmettre pour l&rsquo;utilisation de certains services. Toute information le concernant est soumise aux dispositions de la loi n\u00b0 78-17 du 6 janvier 1978. A ce titre, l&rsquo;internaute dispose d&rsquo;un droit d&rsquo;acc\u00e8s, de modification et de suppression des informations le concernant. Il peut en faire la demande \u00e0 tout moment par par email \u00e0 l\u2019adresse mercysfancy[at]gmail[point]com. <br><br><strong>Article 12. R\u00e8glement des litiges<\/strong><br>Les pr\u00e9sentes conditions de vente \u00e0 distance sont soumises \u00e0 la loi fran\u00e7aise. En cas de litige, seuls les tribunaux fran\u00e7ais seront comp\u00e9tents.<\/p>\n\n\n\n<p><\/p>\n","protected":false},"excerpt":{"rendered":"<p>Les pr\u00e9sentes conditions de vente sont conclues d\u2019une part par la soci\u00e9t\u00e9 Mercy\u2019s Fancy, repr\u00e9sent\u00e9e par Cl\u00e9mence Carrier, g\u00e9rante et cr\u00e9atrice du site https:\/\/mercysfancy.com et, d\u2019autre part, par toute personne physique ou morale souhaitant proc\u00e9der \u00e0 un achat via le site internet https:\/\/mercysfancy.com d\u00e9nomm\u00e9e ci-apr\u00e8s \u00ab l\u2019acheteur \u00bb. Article 1. ObjetLes pr\u00e9sentes conditions de vente [&hellip;]<\/p>\n","protected":false},"author":1,"featured_media":0,"parent":0,"menu_order":0,"comment_status":"closed","ping_status":"closed","template":"","meta":{"ocean_post_layout":"","ocean_both_sidebars_style":"","ocean_both_sidebars_content_width":0,"ocean_both_sidebars_sidebars_width":0,"ocean_sidebar":"","ocean_second_sidebar":"","ocean_disable_margins":"enable","ocean_add_body_class":"","ocean_shortcode_before_top_bar":"","ocean_shortcode_after_top_bar":"","ocean_shortcode_before_header":"","ocean_shortcode_after_header":"","ocean_has_shortcode":"","ocean_shortcode_after_title":"","ocean_shortcode_before_footer_widgets":"","ocean_shortcode_after_footer_widgets":"","ocean_shortcode_before_footer_bottom":"","ocean_shortcode_after_footer_bottom":"","ocean_display_top_bar":"default","ocean_display_header":"default","ocean_header_style":"","ocean_center_header_left_menu":"","ocean_custom_header_template":"","ocean_custom_logo":0,"ocean_custom_retina_logo":0,"ocean_custom_logo_max_width":0,"ocean_custom_logo_tablet_max_width":0,"ocean_custom_logo_mobile_max_width":0,"ocean_custom_logo_max_height":0,"ocean_custom_logo_tablet_max_height":0,"ocean_custom_logo_mobile_max_height":0,"ocean_header_custom_menu":"","ocean_menu_typo_font_family":"","ocean_menu_typo_font_subset":"","ocean_menu_typo_font_size":0,"ocean_menu_typo_font_size_tablet":0,"ocean_menu_typo_font_size_mobile":0,"ocean_menu_typo_font_size_unit":"px","ocean_menu_typo_font_weight":"","ocean_menu_typo_font_weight_tablet":"","ocean_menu_typo_font_weight_mobile":"","ocean_menu_typo_transform":"","ocean_menu_typo_transform_tablet":"","ocean_menu_typo_transform_mobile":"","ocean_menu_typo_line_height":0,"ocean_menu_typo_line_height_tablet":0,"ocean_menu_typo_line_height_mobile":0,"ocean_menu_typo_line_height_unit":"","ocean_menu_typo_spacing":0,"ocean_menu_typo_spacing_tablet":0,"ocean_menu_typo_spacing_mobile":0,"ocean_menu_typo_spacing_unit":"","ocean_menu_link_color":"","ocean_menu_link_color_hover":"","ocean_menu_link_color_active":"","ocean_menu_link_background":"","ocean_menu_link_hover_background":"","ocean_menu_link_active_background":"","ocean_menu_social_links_bg":"","ocean_menu_social_hover_links_bg":"","ocean_menu_social_links_color":"","ocean_menu_social_hover_links_color":"","ocean_disable_title":"default","ocean_disable_heading":"default","ocean_post_title":"","ocean_post_subheading":"","ocean_post_title_style":"","ocean_post_title_background_color":"","ocean_post_title_background":0,"ocean_post_title_bg_image_position":"","ocean_post_title_bg_image_attachment":"","ocean_post_title_bg_image_repeat":"","ocean_post_title_bg_image_size":"","ocean_post_title_height":0,"ocean_post_title_bg_overlay":0.5,"ocean_post_title_bg_overlay_color":"","ocean_disable_breadcrumbs":"default","ocean_breadcrumbs_color":"","ocean_breadcrumbs_separator_color":"","ocean_breadcrumbs_links_color":"","ocean_breadcrumbs_links_hover_color":"","ocean_display_footer_widgets":"default","ocean_display_footer_bottom":"default","ocean_custom_footer_template":"","footnotes":""},"class_list":["post-10","page","type-page","status-publish","hentry","entry","owp-thumbs-layout-horizontal","owp-btn-normal","owp-tabs-layout-vertical","has-no-thumbnails"],"yoast_head":"<!-- This site is optimized with the Yoast SEO plugin v24.8 - https:\/\/yoast.com\/wordpress\/plugins\/seo\/ -->\n<title>Conditions g\u00e9n\u00e9rales de vente - Mercy\u2019s Fancy<\/title>\n<meta name=\"robots\" content=\"index, follow, max-snippet:-1, max-image-preview:large, max-video-preview:-1\" \/>\n<link rel=\"canonical\" href=\"https:\/\/mercysfancy.com\/en\/cgv\/\" \/>\n<meta property=\"og:locale\" content=\"en_GB\" \/>\n<meta property=\"og:type\" content=\"article\" \/>\n<meta property=\"og:title\" content=\"Conditions g\u00e9n\u00e9rales de vente - Mercy\u2019s Fancy\" \/>\n<meta property=\"og:description\" content=\"Les pr\u00e9sentes conditions de vente sont conclues d\u2019une part par la soci\u00e9t\u00e9 Mercy\u2019s Fancy, repr\u00e9sent\u00e9e par Cl\u00e9mence Carrier, g\u00e9rante et cr\u00e9atrice du site https:\/\/mercysfancy.com et, d\u2019autre part, par toute personne physique ou morale souhaitant proc\u00e9der \u00e0 un achat via le site internet https:\/\/mercysfancy.com d\u00e9nomm\u00e9e ci-apr\u00e8s \u00ab l\u2019acheteur \u00bb. Article 1. ObjetLes pr\u00e9sentes conditions de vente [&hellip;]\" \/>\n<meta property=\"og:url\" content=\"https:\/\/mercysfancy.com\/en\/cgv\/\" \/>\n<meta property=\"og:site_name\" content=\"Mercy\u2019s Fancy\" \/>\n<meta property=\"article:modified_time\" content=\"2025-01-11T14:31:41+00:00\" \/>\n<meta name=\"twitter:card\" content=\"summary_large_image\" \/>\n<meta name=\"twitter:label1\" content=\"Estimated reading time\" \/>\n\t<meta name=\"twitter:data1\" content=\"6 minutes\" \/>\n<script type=\"application\/ld+json\" class=\"yoast-schema-graph\">{\"@context\":\"https:\/\/schema.org\",\"@graph\":[{\"@type\":\"WebPage\",\"@id\":\"https:\/\/mercysfancy.com\/cgv\/\",\"url\":\"https:\/\/mercysfancy.com\/cgv\/\",\"name\":\"Conditions g\u00e9n\u00e9rales de vente - Mercy\u2019s Fancy\",\"isPartOf\":{\"@id\":\"https:\/\/mercysfancy.com\/en\/#website\"},\"datePublished\":\"2025-01-11T14:16:05+00:00\",\"dateModified\":\"2025-01-11T14:31:41+00:00\",\"breadcrumb\":{\"@id\":\"https:\/\/mercysfancy.com\/cgv\/#breadcrumb\"},\"inLanguage\":\"en-GB\",\"potentialAction\":[{\"@type\":\"ReadAction\",\"target\":[\"https:\/\/mercysfancy.com\/cgv\/\"]}]},{\"@type\":\"BreadcrumbList\",\"@id\":\"https:\/\/mercysfancy.com\/cgv\/#breadcrumb\",\"itemListElement\":[{\"@type\":\"ListItem\",\"position\":1,\"name\":\"Accueil\",\"item\":\"https:\/\/mercysfancy.com\/\"},{\"@type\":\"ListItem\",\"position\":2,\"name\":\"Conditions g\u00e9n\u00e9rales de vente\"}]},{\"@type\":\"WebSite\",\"@id\":\"https:\/\/mercysfancy.com\/en\/#website\",\"url\":\"https:\/\/mercysfancy.com\/en\/\",\"name\":\"Mercy\u2019s Fancy\",\"description\":\"\",\"potentialAction\":[{\"@type\":\"SearchAction\",\"target\":{\"@type\":\"EntryPoint\",\"urlTemplate\":\"https:\/\/mercysfancy.com\/en\/?s={search_term_string}\"},\"query-input\":{\"@type\":\"PropertyValueSpecification\",\"valueRequired\":true,\"valueName\":\"search_term_string\"}}],\"inLanguage\":\"en-GB\"}]}<\/script>\n<!-- \/ Yoast SEO plugin. -->","yoast_head_json":{"title":"Conditions g\u00e9n\u00e9rales de vente - Mercy\u2019s Fancy","robots":{"index":"index","follow":"follow","max-snippet":"max-snippet:-1","max-image-preview":"max-image-preview:large","max-video-preview":"max-video-preview:-1"},"canonical":"https:\/\/mercysfancy.com\/en\/cgv\/","og_locale":"en_GB","og_type":"article","og_title":"Conditions g\u00e9n\u00e9rales de vente - Mercy\u2019s Fancy","og_description":"Les pr\u00e9sentes conditions de vente sont conclues d\u2019une part par la soci\u00e9t\u00e9 Mercy\u2019s Fancy, repr\u00e9sent\u00e9e par Cl\u00e9mence Carrier, g\u00e9rante et cr\u00e9atrice du site https:\/\/mercysfancy.com et, d\u2019autre part, par toute personne physique ou morale souhaitant proc\u00e9der \u00e0 un achat via le site internet https:\/\/mercysfancy.com d\u00e9nomm\u00e9e ci-apr\u00e8s \u00ab l\u2019acheteur \u00bb. Article 1. ObjetLes pr\u00e9sentes conditions de vente [&hellip;]","og_url":"https:\/\/mercysfancy.com\/en\/cgv\/","og_site_name":"Mercy\u2019s Fancy","article_modified_time":"2025-01-11T14:31:41+00:00","twitter_card":"summary_large_image","twitter_misc":{"Estimated reading time":"6 minutes"},"schema":{"@context":"https:\/\/schema.org","@graph":[{"@type":"WebPage","@id":"https:\/\/mercysfancy.com\/cgv\/","url":"https:\/\/mercysfancy.com\/cgv\/","name":"Conditions g\u00e9n\u00e9rales de vente - Mercy\u2019s Fancy","isPartOf":{"@id":"https:\/\/mercysfancy.com\/en\/#website"},"datePublished":"2025-01-11T14:16:05+00:00","dateModified":"2025-01-11T14:31:41+00:00","breadcrumb":{"@id":"https:\/\/mercysfancy.com\/cgv\/#breadcrumb"},"inLanguage":"en-GB","potentialAction":[{"@type":"ReadAction","target":["https:\/\/mercysfancy.com\/cgv\/"]}]},{"@type":"BreadcrumbList","@id":"https:\/\/mercysfancy.com\/cgv\/#breadcrumb","itemListElement":[{"@type":"ListItem","position":1,"name":"Accueil","item":"https:\/\/mercysfancy.com\/"},{"@type":"ListItem","position":2,"name":"Conditions g\u00e9n\u00e9rales de vente"}]},{"@type":"WebSite","@id":"https:\/\/mercysfancy.com\/en\/#website","url":"https:\/\/mercysfancy.com\/en\/","name":"Mercy\u2019s Fancy","description":"","potentialAction":[{"@type":"SearchAction","target":{"@type":"EntryPoint","urlTemplate":"https:\/\/mercysfancy.com\/en\/?s={search_term_string}"},"query-input":{"@type":"PropertyValueSpecification","valueRequired":true,"valueName":"search_term_string"}}],"inLanguage":"en-GB"}]}},"jetpack_sharing_enabled":true,"_links":{"self":[{"href":"https:\/\/mercysfancy.com\/en\/wp-json\/wp\/v2\/pages\/10","targetHints":{"allow":["GET"]}}],"collection":[{"href":"https:\/\/mercysfancy.com\/en\/wp-json\/wp\/v2\/pages"}],"about":[{"href":"https:\/\/mercysfancy.com\/en\/wp-json\/wp\/v2\/types\/page"}],"author":[{"embeddable":true,"href":"https:\/\/mercysfancy.com\/en\/wp-json\/wp\/v2\/users\/1"}],"replies":[{"embeddable":true,"href":"https:\/\/mercysfancy.com\/en\/wp-json\/wp\/v2\/comments?post=10"}],"version-history":[{"count":3,"href":"https:\/\/mercysfancy.com\/en\/wp-json\/wp\/v2\/pages\/10\/revisions"}],"predecessor-version":[{"id":174,"href":"https:\/\/mercysfancy.com\/en\/wp-json\/wp\/v2\/pages\/10\/revisions\/174"}],"wp:attachment":[{"href":"https:\/\/mercysfancy.com\/en\/wp-json\/wp\/v2\/media?parent=10"}],"curies":[{"name":"wp","href":"https:\/\/api.w.org\/{rel}","templated":true}]}}